{"id":972,"date":"2018-08-30T17:10:21","date_gmt":"2018-08-30T20:10:21","guid":{"rendered":"https:\/\/ispmantovani-cha.infd.edu.ar\/sitio\/profesorado-de-nivel-primario\/"},"modified":"2021-11-10T17:56:35","modified_gmt":"2021-11-10T20:56:35","slug":"profesorado-de-nivel-primario","status":"publish","type":"page","link":"https:\/\/ispmantovani-cha.infd.edu.ar\/sitio\/profesorado-de-nivel-primario\/","title":{"rendered":"Profesorado de Nivel Primario"},"content":{"rendered":"<p style=\"text-align: center;\"><strong><span style=\"text-decoration: underline;\"><span style=\"font-family: 'trebuchet ms', geneva; font-size: 14pt;\">PROFESORADO DE NIVEL PRIMARIO<\/span><\/span><\/strong><\/p>\n<p style=\"text-align: justify;\"><span style=\"font-family: 'trebuchet ms', geneva; font-size: 12pt;\">El Gobierno Nacional puso en marcha un Proyecto de pa\u00eds m\u00e1s justo e inclusivo que en materia educativa, ha permitido recuperar el rol del Estado, ejercer plenamente esta responsabilidad indelegable, conducir un Sistema Educativo Nacional integrado y cohesionado que garantiza la igualdad, gratuidad y equidad en el ejercicio del derecho a la educaci\u00f3n que asiste a todos los ciudadanos. <br \/>En concordancia con ese rol, el Gobierno del Pueblo de la Provincia del Chaco concibe a la educaci\u00f3n como un hecho hist\u00f3rico social que posibilita el acceso a la informaci\u00f3n y al conocimiento, promueve la inclusi\u00f3n y la justicia social como clave que potencia el ejercicio de los derechos esenciales de la ciudadan\u00eda para fortalecer el desarrollo econ\u00f3mico-social sustentable de la Provincia.<br \/>El Estado Provincial ejerce el gobierno de la educaci\u00f3n y a trav\u00e9s del Ministerio de Educaci\u00f3n, Cultura, Ciencia y Tecnolog\u00eda -M.E.C.C.y T.- \u201c\u2026 garantizar\u00e1n la libertad de ense\u00f1ar y aprender; la responsabilidad indelegable del Estado; la gratuidad de la ense\u00f1anza de gesti\u00f3n estatal; la participaci\u00f3n de la familia y de la sociedad; la promoci\u00f3n de los valores democr\u00e1ticos y human\u00edsticos; la igualdad de oportunidades y\u00a0posibilidades, sin discriminaci\u00f3n alguna, que aseguren el acceso y permanencia del educando en el sistema; la promoci\u00f3n del desarrollo humano y del crecimiento cient\u00edfico y tecnol\u00f3gico de la Provincia, con vistas a la integraci\u00f3n regional y nacional.\u201d<br \/>Este derecho establecido en la Constituci\u00f3n Provincial, se conjuga con la Ley de Educaci\u00f3n Nacional N\u00ba 26.206, la Ley de Educaci\u00f3n de la Provincia del Chaco N\u00b06691\/10; asienta bases en la funci\u00f3n primaria encomendada en las Resoluciones N\u00ba 241\/05 y 251\/05 del Consejo Federal de Cultura y Educaci\u00f3n, y las a Resoluciones N\u00ba 23\/07, 24\/07 y 30\/07 del Consejo Federal de Educaci\u00f3n (CFE), vinculadas con la\u00a0construcci\u00f3n de pol\u00edticas educativas federales en el seno del Instituto Nacional de Formaci\u00f3n Docente, para la formaci\u00f3n docente inicial y continua; asegura adem\u00e1s movilidad de los estudiantes a cualquier lugar del territorio argentino y el reconocimiento nacional de los t\u00edtulos.\u00a0<\/span><\/p>\n\n\n<div class=\"wp-block-image\"><figure class=\"aligncenter size-large is-resized\"><img decoding=\"async\" loading=\"lazy\" src=\"https:\/\/ispmantovani-cha.infd.edu.ar\/sitio\/wp-content\/uploads\/2021\/11\/primaria-1900x1069.png\" alt=\"\" class=\"wp-image-4067\" width=\"1019\" height=\"572\" srcset=\"https:\/\/ispmantovani-cha.infd.edu.ar\/sitio\/wp-content\/uploads\/2021\/11\/primaria-1900x1069.png 1900w, https:\/\/ispmantovani-cha.infd.edu.ar\/sitio\/wp-content\/uploads\/2021\/11\/primaria-768x432.png 768w, https:\/\/ispmantovani-cha.infd.edu.ar\/sitio\/wp-content\/uploads\/2021\/11\/primaria-1536x864.png 1536w, https:\/\/ispmantovani-cha.infd.edu.ar\/sitio\/wp-content\/uploads\/2021\/11\/primaria.png 1920w\" sizes=\"(max-width: 1019px) 100vw, 1019px\" \/><\/figure><\/div>\n","protected":false},"excerpt":{"rendered":"<p>PROFESORADO DE NIVEL PRIMARIO El Gobierno Nacional puso en marcha un Proyecto de pa\u00eds m\u00e1s justo e inclusivo que en materia educativa, ha permitido recuperar el rol del Estado, ejercer plenamente esta responsabilidad indelegable, conducir un Sistema Educativo Nacional integrado y cohesionado que garantiza la igualdad, gratuidad y equidad en el ejercicio del derecho a &#8230; <a title=\"Profesorado de Nivel Primario\" class=\"read-more\" href=\"https:\/\/ispmantovani-cha.infd.edu.ar\/sitio\/profesorado-de-nivel-primario\/\" aria-label=\"More on Profesorado de Nivel Primario\">[+]<\/a><\/p>\n","protected":false},"author":352,"featured_media":0,"parent":0,"menu_order":0,"comment_status":"closed","ping_status":"closed","template":"","meta":[],"acf":[],"_links":{"self":[{"href":"https:\/\/ispmantovani-cha.infd.edu.ar\/sitio\/wp-json\/wp\/v2\/pages\/972"}],"collection":[{"href":"https:\/\/ispmantovani-cha.infd.edu.ar\/sitio\/wp-json\/wp\/v2\/pages"}],"about":[{"href":"https:\/\/ispmantovani-cha.infd.edu.ar\/sitio\/wp-json\/wp\/v2\/types\/page"}],"author":[{"embeddable":true,"href":"https:\/\/ispmantovani-cha.infd.edu.ar\/sitio\/wp-json\/wp\/v2\/users\/352"}],"replies":[{"embeddable":true,"href":"https:\/\/ispmantovani-cha.infd.edu.ar\/sitio\/wp-json\/wp\/v2\/comments?post=972"}],"version-history":[{"count":1,"href":"https:\/\/ispmantovani-cha.infd.edu.ar\/sitio\/wp-json\/wp\/v2\/pages\/972\/revisions"}],"predecessor-version":[{"id":4068,"href":"https:\/\/ispmantovani-cha.infd.edu.ar\/sitio\/wp-json\/wp\/v2\/pages\/972\/revisions\/4068"}],"wp:attachment":[{"href":"https:\/\/ispmantovani-cha.infd.edu.ar\/sitio\/wp-json\/wp\/v2\/media?parent=972"}],"curies":[{"name":"wp","href":"https:\/\/api.w.org\/{rel}","templated":true}]}}