{"id":965,"date":"2018-08-30T17:10:16","date_gmt":"2018-08-30T20:10:16","guid":{"rendered":"https:\/\/ispmantovani-cha.infd.edu.ar\/sitio\/investigacion\/"},"modified":"2020-06-10T22:52:57","modified_gmt":"2020-06-11T01:52:57","slug":"investigacion","status":"publish","type":"page","link":"https:\/\/ispmantovani-cha.infd.edu.ar\/sitio\/investigacion\/","title":{"rendered":"Actividades de Investigaci\u00f3n"},"content":{"rendered":"<p style=\"text-align: justify;\"><span style=\"font-family: verdana,geneva; font-size: small;\">El Instituto viene desarrollando distintas actividades de Investigaci\u00f3n. Las mismas cuentan con la participaci\u00f3n de docentes, alumnos y especialistas de todas las \u00e1reas.<\/span><\/p>\n<p style=\"text-align: justify;\"><span style=\"font-family: verdana,geneva; font-size: small;\"><strong>En los marcos de los proyectos de Investigaci\u00f3in se encuentran:<\/strong><\/span><\/p>\n<ul style=\"text-align: justify;\">\n<li><strong><span style=\"font-family: verdana,geneva; font-size: small;\">\u00abProye<\/span><\/strong><span style=\"font-family: verdana,geneva; font-size: small;\"><strong>cto de Mejora Institucional\u00bb<\/strong>, referentes: Mirian del Valle Cano de Martinenghi, Rebeca Galper\u00edn y Edith Brandan.<\/span><\/li>\n<li><span style=\"font-family: verdana,geneva; font-size: small;\"><strong>\u00abProyecto de acompa\u00f1amiento a los docentes noveles\u00bb<\/strong>, referentes: <\/span><span style=\"font-family: verdana,geneva; font-size: small;\">Mirian del Valle Cano de Martinenghi, Rebeca Galper\u00edn y Andrea Mateo.<\/span><\/li>\n<li><span style=\"font-family: verdana,geneva; font-size: small;\"><strong>\u00abProyecto Jurisdiccional de Desarrollo Profesional\u00bb<\/strong>, referentes: <\/span><span style=\"font-family: verdana,geneva; font-size: small;\">Edith Brandan y Susana Schaffer.<\/span><\/li>\n<li><span style=\"font-family: verdana,geneva; font-size: small;\"><strong>\u00abProyecto Jurisdiccional de Dise\u00f1o Curricular\u00bb<\/strong>, a cargo de alumnos y docentes con las siguientes subproyectos:<br \/>\n<\/span><\/p>\n<ul>\n<li><span style=\"font-family: verdana,geneva; font-size: small;\"><em>\u00abEvaluaci\u00f3n de planes de estudio\u00bb<\/em><br \/>\n<\/span><\/li>\n<li><em><span style=\"font-family: verdana,geneva; font-size: small;\">\u00abDise\u00f1os Curriculares de Carreras Nuevas\u00bb<\/span><\/em><\/li>\n<\/ul>\n<\/li>\n<li style=\"text-align: justify;\"><span style=\"font-size: small;\"><strong>\u00abProyecto Elegir la Docencia\u00bb<\/strong><span style=\"font-family: verdana,geneva;\">, <\/span><span style=\"font-family: verdana,geneva; font-size: x-small;\"><span style=\"font-size: small;\">CAIE, referente: Karina Dellamea<\/span><br \/>\n<\/span><\/span><\/li>\n<\/ul>\n","protected":false},"excerpt":{"rendered":"<p>El Instituto viene desarrollando distintas actividades de Investigaci\u00f3n. Las mismas cuentan con la participaci\u00f3n de docentes, alumnos y especialistas de todas las \u00e1reas. En los marcos de los proyectos de Investigaci\u00f3in se encuentran: \u00abProyecto de Mejora Institucional\u00bb, referentes: Mirian del Valle Cano de Martinenghi, Rebeca Galper\u00edn y Edith Brandan. \u00abProyecto de acompa\u00f1amiento a los docentes &#8230; <a title=\"Actividades de Investigaci\u00f3n\" class=\"read-more\" href=\"https:\/\/ispmantovani-cha.infd.edu.ar\/sitio\/investigacion\/\" aria-label=\"More on Actividades de Investigaci\u00f3n\">[+]<\/a><\/p>\n","protected":false},"author":352,"featured_media":0,"parent":0,"menu_order":0,"comment_status":"closed","ping_status":"closed","template":"","meta":[],"acf":[],"_links":{"self":[{"href":"https:\/\/ispmantovani-cha.infd.edu.ar\/sitio\/wp-json\/wp\/v2\/pages\/965"}],"collection":[{"href":"https:\/\/ispmantovani-cha.infd.edu.ar\/sitio\/wp-json\/wp\/v2\/pages"}],"about":[{"href":"https:\/\/ispmantovani-cha.infd.edu.ar\/sitio\/wp-json\/wp\/v2\/types\/page"}],"author":[{"embeddable":true,"href":"https:\/\/ispmantovani-cha.infd.edu.ar\/sitio\/wp-json\/wp\/v2\/users\/352"}],"replies":[{"embeddable":true,"href":"https:\/\/ispmantovani-cha.infd.edu.ar\/sitio\/wp-json\/wp\/v2\/comments?post=965"}],"version-history":[{"count":1,"href":"https:\/\/ispmantovani-cha.infd.edu.ar\/sitio\/wp-json\/wp\/v2\/pages\/965\/revisions"}],"predecessor-version":[{"id":2867,"href":"https:\/\/ispmantovani-cha.infd.edu.ar\/sitio\/wp-json\/wp\/v2\/pages\/965\/revisions\/2867"}],"wp:attachment":[{"href":"https:\/\/ispmantovani-cha.infd.edu.ar\/sitio\/wp-json\/wp\/v2\/media?parent=965"}],"curies":[{"name":"wp","href":"https:\/\/api.w.org\/{rel}","templated":true}]}}