{"id":6507,"date":"2024-04-29T10:35:08","date_gmt":"2024-04-29T13:35:08","guid":{"rendered":"https:\/\/ispmantovani-cha.infd.edu.ar\/sitio\/?page_id=6507"},"modified":"2026-03-12T19:14:49","modified_gmt":"2026-03-12T22:14:49","slug":"tecnicaturas-2","status":"publish","type":"page","link":"https:\/\/ispmantovani-cha.infd.edu.ar\/sitio\/tecnicaturas-2\/","title":{"rendered":"TECNICATURAS"},"content":{"rendered":"\n<h5 class=\"wp-block-heading\"><a href=\"https:\/\/ispmantovani-cha.infd.edu.ar\/sitio\/carreras\/\"><img decoding=\"async\" loading=\"lazy\" width=\"355\" height=\"247\" class=\"wp-image-6457\" style=\"width: 50px;\" src=\"https:\/\/ispmantovani-cha.infd.edu.ar\/sitio\/wp-content\/uploads\/2024\/04\/flecha-volver.gif\" alt=\"\">VOLVER A CARRERAS<\/a><\/h5>\n\n\n\n<figure class=\"wp-block-table\"><table><tbody><tr><td class=\"has-text-align-center\" data-align=\"center\"><img decoding=\"async\" loading=\"lazy\" width=\"1920\" height=\"480\" class=\"wp-image-6301\" style=\"width: 800px;\" src=\"https:\/\/ispmantovani-cha.infd.edu.ar\/sitio\/wp-content\/uploads\/2024\/04\/BANNER-TECNICATURAS.png\" alt=\"\" srcset=\"https:\/\/ispmantovani-cha.infd.edu.ar\/sitio\/wp-content\/uploads\/2024\/04\/BANNER-TECNICATURAS.png 1920w, https:\/\/ispmantovani-cha.infd.edu.ar\/sitio\/wp-content\/uploads\/2024\/04\/BANNER-TECNICATURAS-1000x250.png 1000w, https:\/\/ispmantovani-cha.infd.edu.ar\/sitio\/wp-content\/uploads\/2024\/04\/BANNER-TECNICATURAS-1900x475.png 1900w, https:\/\/ispmantovani-cha.infd.edu.ar\/sitio\/wp-content\/uploads\/2024\/04\/BANNER-TECNICATURAS-768x192.png 768w, https:\/\/ispmantovani-cha.infd.edu.ar\/sitio\/wp-content\/uploads\/2024\/04\/BANNER-TECNICATURAS-1536x384.png 1536w\" sizes=\"(max-width: 1920px) 100vw, 1920px\" \/><\/td><\/tr><\/tbody><\/table><\/figure>\n\n\n\n<figure class=\"wp-block-table\"><table class=\"has-fixed-layout\"><tbody><tr><td class=\"has-text-align-center\" data-align=\"center\"><a href=\"https:\/\/ispmantovani-cha.infd.edu.ar\/sitio\/tec-sup-en-redes\/\"><img decoding=\"async\" loading=\"lazy\" width=\"1587\" height=\"2245\" class=\"wp-image-5916\" style=\"width: 350px;\" src=\"https:\/\/ispmantovani-cha.infd.edu.ar\/sitio\/wp-content\/uploads\/2024\/02\/REDES_CARRERAS.jpg\" alt=\"\" srcset=\"https:\/\/ispmantovani-cha.infd.edu.ar\/sitio\/wp-content\/uploads\/2024\/02\/REDES_CARRERAS.jpg 1587w, https:\/\/ispmantovani-cha.infd.edu.ar\/sitio\/wp-content\/uploads\/2024\/02\/REDES_CARRERAS-707x1000.jpg 707w, https:\/\/ispmantovani-cha.infd.edu.ar\/sitio\/wp-content\/uploads\/2024\/02\/REDES_CARRERAS-1343x1900.jpg 1343w, https:\/\/ispmantovani-cha.infd.edu.ar\/sitio\/wp-content\/uploads\/2024\/02\/REDES_CARRERAS-768x1086.jpg 768w, https:\/\/ispmantovani-cha.infd.edu.ar\/sitio\/wp-content\/uploads\/2024\/02\/REDES_CARRERAS-1086x1536.jpg 1086w, https:\/\/ispmantovani-cha.infd.edu.ar\/sitio\/wp-content\/uploads\/2024\/02\/REDES_CARRERAS-1448x2048.jpg 1448w\" sizes=\"(max-width: 1587px) 100vw, 1587px\" \/><\/a><br><a href=\"https:\/\/ispmantovani-cha.infd.edu.ar\/sitio\/tec-sup-en-redes\/\"><img decoding=\"async\" loading=\"lazy\" width=\"225\" height=\"160\" class=\"wp-image-3284\" style=\"width: 150px;\" src=\"https:\/\/ispmantovani-cha.infd.edu.ar\/sitio\/wp-content\/uploads\/2020\/12\/Union-Cosmos-Boton-Click-Aqui-GIF-Animado.gif\" alt=\"\"><\/a><\/td><td class=\"has-text-align-center\" data-align=\"center\"><a href=\"https:\/\/ispmantovani-cha.infd.edu.ar\/sitio\/diseno-grafico-digital\/\"><img decoding=\"async\" loading=\"lazy\" width=\"1414\" height=\"2000\" class=\"wp-image-7197\" style=\"width: 350px;\" src=\"https:\/\/ispmantovani-cha.infd.edu.ar\/sitio\/wp-content\/uploads\/2026\/03\/Disen\u0303o-Gra\u0301fico-Digital.jpg\" alt=\"\" srcset=\"https:\/\/ispmantovani-cha.infd.edu.ar\/sitio\/wp-content\/uploads\/2026\/03\/Disen\u0303o-Gra\u0301fico-Digital.jpg 1414w, https:\/\/ispmantovani-cha.infd.edu.ar\/sitio\/wp-content\/uploads\/2026\/03\/Disen\u0303o-Gra\u0301fico-Digital-707x1000.jpg 707w, https:\/\/ispmantovani-cha.infd.edu.ar\/sitio\/wp-content\/uploads\/2026\/03\/Disen\u0303o-Gra\u0301fico-Digital-1343x1900.jpg 1343w, https:\/\/ispmantovani-cha.infd.edu.ar\/sitio\/wp-content\/uploads\/2026\/03\/Disen\u0303o-Gra\u0301fico-Digital-768x1086.jpg 768w, https:\/\/ispmantovani-cha.infd.edu.ar\/sitio\/wp-content\/uploads\/2026\/03\/Disen\u0303o-Gra\u0301fico-Digital-1086x1536.jpg 1086w\" sizes=\"(max-width: 1414px) 100vw, 1414px\" \/><\/a><br><br><a href=\"https:\/\/ispmantovani-cha.infd.edu.ar\/sitio\/diseno-grafico-digital\/\"><img decoding=\"async\" loading=\"lazy\" width=\"225\" height=\"160\" class=\"wp-image-3284\" style=\"width: 150px;\" src=\"https:\/\/ispmantovani-cha.infd.edu.ar\/sitio\/wp-content\/uploads\/2020\/12\/Union-Cosmos-Boton-Click-Aqui-GIF-Animado.gif\" alt=\"\"><\/a><\/td><\/tr><tr><td class=\"has-text-align-center\" data-align=\"center\"><a href=\"https:\/\/ispmantovani-cha.infd.edu.ar\/sitio\/tecnicatura-superior-en-desarrollo-de-software\/\"><img decoding=\"async\" loading=\"lazy\" width=\"1587\" height=\"2245\" class=\"wp-image-4349\" style=\"width: 350px;\" src=\"https:\/\/ispmantovani-cha.infd.edu.ar\/sitio\/wp-content\/uploads\/2021\/12\/TEC_SOFTWARE.png\" alt=\"\" srcset=\"https:\/\/ispmantovani-cha.infd.edu.ar\/sitio\/wp-content\/uploads\/2021\/12\/TEC_SOFTWARE.png 1587w, https:\/\/ispmantovani-cha.infd.edu.ar\/sitio\/wp-content\/uploads\/2021\/12\/TEC_SOFTWARE-707x1000.png 707w, https:\/\/ispmantovani-cha.infd.edu.ar\/sitio\/wp-content\/uploads\/2021\/12\/TEC_SOFTWARE-1343x1900.png 1343w, https:\/\/ispmantovani-cha.infd.edu.ar\/sitio\/wp-content\/uploads\/2021\/12\/TEC_SOFTWARE-768x1086.png 768w, https:\/\/ispmantovani-cha.infd.edu.ar\/sitio\/wp-content\/uploads\/2021\/12\/TEC_SOFTWARE-1086x1536.png 1086w, https:\/\/ispmantovani-cha.infd.edu.ar\/sitio\/wp-content\/uploads\/2021\/12\/TEC_SOFTWARE-1448x2048.png 1448w\" sizes=\"(max-width: 1587px) 100vw, 1587px\" \/><\/a><br><a href=\"https:\/\/ispmantovani-cha.infd.edu.ar\/sitio\/tecnicatura-superior-en-desarrollo-de-software\/\"><img decoding=\"async\" loading=\"lazy\" width=\"225\" height=\"160\" class=\"wp-image-3284\" style=\"width: 150px;\" src=\"https:\/\/ispmantovani-cha.infd.edu.ar\/sitio\/wp-content\/uploads\/2020\/12\/Union-Cosmos-Boton-Click-Aqui-GIF-Animado.gif\" alt=\"\"><\/a><\/td><td class=\"has-text-align-center\" data-align=\"center\"><a href=\"https:\/\/ispmantovani-cha.infd.edu.ar\/sitio\/agropecuaria\/\"><img decoding=\"async\" src=\"https:\/\/ispmantovani-cha.infd.edu.ar\/sitio\/wp-content\/uploads\/2021\/12\/Poster_Agricola.png\" alt=\"\" style=\"width: 350px;\"><\/a><br><a href=\"https:\/\/ispmantovani-cha.infd.edu.ar\/sitio\/agropecuaria\/\"><img decoding=\"async\" src=\"https:\/\/ispmantovani-cha.infd.edu.ar\/sitio\/wp-content\/uploads\/2020\/12\/Union-Cosmos-Boton-Click-Aqui-GIF-Animado.gif\" alt=\"\" style=\"width: 150px;\"><\/a><\/td><\/tr><tr><td class=\"has-text-align-center\" data-align=\"center\"><img decoding=\"async\" src=\"https:\/\/ispmantovani-cha.infd.edu.ar\/sitio\/wp-content\/uploads\/2021\/12\/Requisitos_banner.png\" alt=\"\"><br><strong>Documentaciones Solicitadas<\/strong><br><strong>1. Fotocopia autenticada del T\u00edtulo secundario o Constancia de T\u00edtulo en tr\u00e1mite (original).<br>2. Fotocopia autenticada del&nbsp; Acta de Nacimiento (Actualizada).<br>3. Dos Fotocopias autenticadas del&nbsp; D.N.I (actualizado).<br>4. Dos fotos 4\u00d74 tipo carnet.<\/strong><br><strong>5. Formulario de Inscripci\u00f3n. (<a rel=\"noreferrer noopener\" href=\"https:\/\/drive.google.com\/file\/d\/145kukDYz6BoWGp9BjVqu7H-SjJsUNMub\/view\" target=\"_blank\">DESCARGAR AQU\u00cd<\/a>)<br>6. Certificado original de buena salud y aptitud psicof\u00edsica.&nbsp;(<a rel=\"noreferrer noopener\" href=\"https:\/\/drive.google.com\/file\/d\/1F371McIe67hrttxInrtXIUXNuTnVZdlE\/view\" target=\"_blank\">DESCARGAR AQU\u00cd<\/a>)<br>7 Fotocopia del Grupo sangu\u00edneo.<br>8. Un folio tama\u00f1o oficio.<\/strong><br><strong>9. Aporte de la cooperadora.<\/strong><\/td><td class=\"has-text-align-center\" data-align=\"center\"><\/td><\/tr><\/tbody><\/table><\/figure>\n\n\n\n<h5 class=\"wp-block-heading\"><a href=\"https:\/\/ispmantovani-cha.infd.edu.ar\/sitio\/carreras\/\"><img decoding=\"async\" loading=\"lazy\" width=\"355\" height=\"247\" class=\"wp-image-6457\" style=\"width: 50px;\" src=\"https:\/\/ispmantovani-cha.infd.edu.ar\/sitio\/wp-content\/uploads\/2024\/04\/flecha-volver.gif\" alt=\"\">VOLVER A CARRERAS<\/a><\/h5>\n","protected":false},"excerpt":{"rendered":"<p>VOLVER A CARRERAS Documentaciones Solicitadas1. Fotocopia autenticada del T\u00edtulo secundario o Constancia de T\u00edtulo en tr\u00e1mite (original).2. Fotocopia autenticada del&nbsp; Acta de Nacimiento (Actualizada).3. Dos Fotocopias autenticadas del&nbsp; D.N.I (actualizado).4. Dos fotos 4\u00d74 tipo carnet.5. Formulario de Inscripci\u00f3n. (DESCARGAR AQU\u00cd)6. Certificado original de buena salud y aptitud psicof\u00edsica.&nbsp;(DESCARGAR AQU\u00cd)7 Fotocopia del Grupo sangu\u00edneo.8. Un folio &#8230; <a title=\"TECNICATURAS\" class=\"read-more\" href=\"https:\/\/ispmantovani-cha.infd.edu.ar\/sitio\/tecnicaturas-2\/\" aria-label=\"More on TECNICATURAS\">[+]<\/a><\/p>\n","protected":false},"author":379,"featured_media":0,"parent":0,"menu_order":0,"comment_status":"closed","ping_status":"closed","template":"","meta":[],"acf":[],"_links":{"self":[{"href":"https:\/\/ispmantovani-cha.infd.edu.ar\/sitio\/wp-json\/wp\/v2\/pages\/6507"}],"collection":[{"href":"https:\/\/ispmantovani-cha.infd.edu.ar\/sitio\/wp-json\/wp\/v2\/pages"}],"about":[{"href":"https:\/\/ispmantovani-cha.infd.edu.ar\/sitio\/wp-json\/wp\/v2\/types\/page"}],"author":[{"embeddable":true,"href":"https:\/\/ispmantovani-cha.infd.edu.ar\/sitio\/wp-json\/wp\/v2\/users\/379"}],"replies":[{"embeddable":true,"href":"https:\/\/ispmantovani-cha.infd.edu.ar\/sitio\/wp-json\/wp\/v2\/comments?post=6507"}],"version-history":[{"count":14,"href":"https:\/\/ispmantovani-cha.infd.edu.ar\/sitio\/wp-json\/wp\/v2\/pages\/6507\/revisions"}],"predecessor-version":[{"id":7240,"href":"https:\/\/ispmantovani-cha.infd.edu.ar\/sitio\/wp-json\/wp\/v2\/pages\/6507\/revisions\/7240"}],"wp:attachment":[{"href":"https:\/\/ispmantovani-cha.infd.edu.ar\/sitio\/wp-json\/wp\/v2\/media?parent=6507"}],"curies":[{"name":"wp","href":"https:\/\/api.w.org\/{rel}","templated":true}]}}