{"id":6300,"date":"2024-04-19T18:25:58","date_gmt":"2024-04-19T21:25:58","guid":{"rendered":"https:\/\/ispmantovani-cha.infd.edu.ar\/sitio\/?page_id=6300"},"modified":"2026-02-06T13:03:59","modified_gmt":"2026-02-06T16:03:59","slug":"carreras","status":"publish","type":"page","link":"https:\/\/ispmantovani-cha.infd.edu.ar\/sitio\/carreras\/","title":{"rendered":"CARRERAS"},"content":{"rendered":"\n<figure class=\"wp-block-table\"><table><tbody><tr><td class=\"has-text-align-center\" data-align=\"center\"><img decoding=\"async\" loading=\"lazy\" width=\"1920\" height=\"480\" class=\"wp-image-3270\" style=\"width: 800px;\" src=\"https:\/\/ispmantovani-cha.infd.edu.ar\/sitio\/wp-content\/uploads\/2020\/12\/Relevamiento.png\" alt=\"\" srcset=\"https:\/\/ispmantovani-cha.infd.edu.ar\/sitio\/wp-content\/uploads\/2020\/12\/Relevamiento.png 1920w, https:\/\/ispmantovani-cha.infd.edu.ar\/sitio\/wp-content\/uploads\/2020\/12\/Relevamiento-1000x250.png 1000w, https:\/\/ispmantovani-cha.infd.edu.ar\/sitio\/wp-content\/uploads\/2020\/12\/Relevamiento-768x192.png 768w, https:\/\/ispmantovani-cha.infd.edu.ar\/sitio\/wp-content\/uploads\/2020\/12\/Relevamiento-1900x475.png 1900w\" sizes=\"(max-width: 1920px) 100vw, 1920px\" \/><\/td><\/tr><tr><td class=\"has-text-align-center\" data-align=\"center\"><strong><em>DOCUMENTACI\u00d3N PARA EL LEGAJO<\/em><\/strong><\/td><\/tr><tr><td class=\"has-text-align-center\" data-align=\"center\"><strong>1. Fotocopia autenticada del T\u00edtulo secundario o Constancia de T\u00edtulo en tr\u00e1mite (original).<br>2. Fotocopia autenticada del\u00a0 Acta de Nacimiento (Actualizada).<br>3. Dos Fotocopias autenticadas del\u00a0 D.N.I (actualizado).<br>4. Dos fotos 4&#215;4 tipo carnet.<\/strong><br><strong>5. Formulario de Inscripci\u00f3n. (<a href=\"https:\/\/drive.google.com\/file\/d\/145kukDYz6BoWGp9BjVqu7H-SjJsUNMub\/view?usp=sharing\" target=\"_blank\" rel=\"noreferrer noopener\">DESCARGAR AQU\u00cd<\/a>)<\/strong><br><strong>6. Certificado Psicof\u00edsico. <u>(<a href=\"https:\/\/drive.google.com\/file\/d\/1F371McIe67hrttxInrtXIUXNuTnVZdlE\/view?usp=sharing\" target=\"_blank\" rel=\"noreferrer noopener\">DESCARGAR AQU\u00cd<\/a>)<\/u><\/strong><br><strong>7. Folio tama\u00f1o oficio.<\/strong><br><strong>8. Aporte voluntario de cooperadora.<\/strong><\/td><\/tr><tr><td class=\"has-text-align-center\" data-align=\"center\"><a href=\"https:\/\/ispmantovani-cha.infd.edu.ar\/sitio\/tecnicaturas-2\/\"><img decoding=\"async\" loading=\"lazy\" width=\"1920\" height=\"480\" class=\"wp-image-6301\" style=\"width: 800px;\" src=\"https:\/\/ispmantovani-cha.infd.edu.ar\/sitio\/wp-content\/uploads\/2024\/04\/BANNER-TECNICATURAS.png\" alt=\"\" srcset=\"https:\/\/ispmantovani-cha.infd.edu.ar\/sitio\/wp-content\/uploads\/2024\/04\/BANNER-TECNICATURAS.png 1920w, https:\/\/ispmantovani-cha.infd.edu.ar\/sitio\/wp-content\/uploads\/2024\/04\/BANNER-TECNICATURAS-1000x250.png 1000w, https:\/\/ispmantovani-cha.infd.edu.ar\/sitio\/wp-content\/uploads\/2024\/04\/BANNER-TECNICATURAS-1900x475.png 1900w, https:\/\/ispmantovani-cha.infd.edu.ar\/sitio\/wp-content\/uploads\/2024\/04\/BANNER-TECNICATURAS-768x192.png 768w, https:\/\/ispmantovani-cha.infd.edu.ar\/sitio\/wp-content\/uploads\/2024\/04\/BANNER-TECNICATURAS-1536x384.png 1536w\" sizes=\"(max-width: 1920px) 100vw, 1920px\" \/><\/a><\/td><\/tr><tr><td class=\"has-text-align-center\" data-align=\"center\"><a href=\"https:\/\/ispmantovani-cha.infd.edu.ar\/sitio\/tecnicaturas-2\/\"><img decoding=\"async\" loading=\"lazy\" width=\"225\" height=\"160\" class=\"wp-image-3284\" style=\"width: 150px;\" src=\"https:\/\/ispmantovani-cha.infd.edu.ar\/sitio\/wp-content\/uploads\/2020\/12\/Union-Cosmos-Boton-Click-Aqui-GIF-Animado.gif\" alt=\"\"><\/a><\/td><\/tr><tr><td class=\"has-text-align-center\" data-align=\"center\"><a href=\"https:\/\/ispmantovani-cha.infd.edu.ar\/sitio\/profesorados\/\"><img decoding=\"async\" loading=\"lazy\" width=\"1920\" height=\"480\" class=\"wp-image-4358\" style=\"width: 800px;\" src=\"https:\/\/ispmantovani-cha.infd.edu.ar\/sitio\/wp-content\/uploads\/2021\/12\/PROF_BANNER-1.png\" alt=\"\" srcset=\"https:\/\/ispmantovani-cha.infd.edu.ar\/sitio\/wp-content\/uploads\/2021\/12\/PROF_BANNER-1.png 1920w, https:\/\/ispmantovani-cha.infd.edu.ar\/sitio\/wp-content\/uploads\/2021\/12\/PROF_BANNER-1-1000x250.png 1000w, https:\/\/ispmantovani-cha.infd.edu.ar\/sitio\/wp-content\/uploads\/2021\/12\/PROF_BANNER-1-1900x475.png 1900w, https:\/\/ispmantovani-cha.infd.edu.ar\/sitio\/wp-content\/uploads\/2021\/12\/PROF_BANNER-1-768x192.png 768w, https:\/\/ispmantovani-cha.infd.edu.ar\/sitio\/wp-content\/uploads\/2021\/12\/PROF_BANNER-1-1536x384.png 1536w\" sizes=\"(max-width: 1920px) 100vw, 1920px\" \/><\/a><\/td><\/tr><tr><td class=\"has-text-align-center\" data-align=\"center\"><a href=\"https:\/\/ispmantovani-cha.infd.edu.ar\/sitio\/profesorados\/\" data-type=\"URL\" data-id=\"https:\/\/ispmantovani-cha.infd.edu.ar\/sitio\/profesorados\/\"><img decoding=\"async\" loading=\"lazy\" width=\"225\" height=\"160\" class=\"wp-image-3284\" style=\"width: 150px;\" src=\"https:\/\/ispmantovani-cha.infd.edu.ar\/sitio\/wp-content\/uploads\/2020\/12\/Union-Cosmos-Boton-Click-Aqui-GIF-Animado.gif\" alt=\"\"><\/a><\/td><\/tr><\/tbody><\/table><\/figure>\n","protected":false},"excerpt":{"rendered":"<p>DOCUMENTACI\u00d3N PARA EL LEGAJO 1. Fotocopia autenticada del T\u00edtulo secundario o Constancia de T\u00edtulo en tr\u00e1mite (original).2. Fotocopia autenticada del\u00a0 Acta de Nacimiento (Actualizada).3. Dos Fotocopias autenticadas del\u00a0 D.N.I (actualizado).4. Dos fotos 4&#215;4 tipo carnet.5. Formulario de Inscripci\u00f3n. (DESCARGAR AQU\u00cd)6. Certificado Psicof\u00edsico. (DESCARGAR AQU\u00cd)7. Folio tama\u00f1o oficio.8. Aporte voluntario de cooperadora.<\/p>\n","protected":false},"author":379,"featured_media":0,"parent":0,"menu_order":0,"comment_status":"closed","ping_status":"closed","template":"","meta":[],"acf":[],"_links":{"self":[{"href":"https:\/\/ispmantovani-cha.infd.edu.ar\/sitio\/wp-json\/wp\/v2\/pages\/6300"}],"collection":[{"href":"https:\/\/ispmantovani-cha.infd.edu.ar\/sitio\/wp-json\/wp\/v2\/pages"}],"about":[{"href":"https:\/\/ispmantovani-cha.infd.edu.ar\/sitio\/wp-json\/wp\/v2\/types\/page"}],"author":[{"embeddable":true,"href":"https:\/\/ispmantovani-cha.infd.edu.ar\/sitio\/wp-json\/wp\/v2\/users\/379"}],"replies":[{"embeddable":true,"href":"https:\/\/ispmantovani-cha.infd.edu.ar\/sitio\/wp-json\/wp\/v2\/comments?post=6300"}],"version-history":[{"count":10,"href":"https:\/\/ispmantovani-cha.infd.edu.ar\/sitio\/wp-json\/wp\/v2\/pages\/6300\/revisions"}],"predecessor-version":[{"id":7131,"href":"https:\/\/ispmantovani-cha.infd.edu.ar\/sitio\/wp-json\/wp\/v2\/pages\/6300\/revisions\/7131"}],"wp:attachment":[{"href":"https:\/\/ispmantovani-cha.infd.edu.ar\/sitio\/wp-json\/wp\/v2\/media?parent=6300"}],"curies":[{"name":"wp","href":"https:\/\/api.w.org\/{rel}","templated":true}]}}