{"id":5780,"date":"2023-11-07T10:55:07","date_gmt":"2023-11-07T13:55:07","guid":{"rendered":"https:\/\/ispmantovani-cha.infd.edu.ar\/sitio\/?page_id=5780"},"modified":"2023-11-07T10:59:34","modified_gmt":"2023-11-07T13:59:34","slug":"datos-generales-inicial","status":"publish","type":"page","link":"https:\/\/ispmantovani-cha.infd.edu.ar\/sitio\/datos-generales-inicial\/","title":{"rendered":"DATOS GENERALES (INICIAL)"},"content":{"rendered":"\n<p>DENOMINACI\u00d3N DE LA CARRERA: Profesorado de Educaci\u00f3n Inicial<\/p>\n\n\n\n<p>TITULO QUE OTORGA LA CARRERA: Profesor\/a de Educaci\u00f3n Inicial<\/p>\n\n\n\n<p>DURACI\u00d3N DE LA CARRERA EN A\u00d1OS ACAD\u00c9MICOS: 4 a\u00f1os<\/p>\n\n\n\n<p>CARGA HORARIA TOTAL DE LA CARRERA EN HORAS C\u00c1TEDRA: 4080 H.C\u00c1TEDRAS<\/p>\n\n\n\n<p>CONDICIONES DE INGRESO: Poseer t\u00edtulo de nivel medio para acceder a estudios conducentes a titulaciones docentes. Excepcionalmente, los mayores de 25 a\u00f1os que no re\u00fanan esa condici\u00f3n, podr\u00e1n ingresar seg\u00fan lo establecido por el Art N\u00b0 7 de la Ley de Educaci\u00f3n Superior N\u00b0 24521.<\/p>\n\n\n\n<p>ALCANCES DEL T\u00cdTULO: Los egresados est\u00e1n habilitados para el ejercicio de la docencia para la educaci\u00f3n inicial. Reconocimiento acad\u00e9mico del t\u00edtulo de grado para continuar estudios de pos titulaciones.<\/p>\n\n\n\n<p class=\"has-text-align-center\"><strong><a href=\"https:\/\/ispmantovani-cha.infd.edu.ar\/sitio\/wp-content\/uploads\/2019\/10\/Plan_de_Estudios_PROF._EDUC._INICIAL.pdf\" target=\"_blank\" rel=\"noreferrer noopener\">&lt;&lt;&lt; VER PLAN DE ESTUDIO >>><\/a><\/strong><\/p>\n","protected":false},"excerpt":{"rendered":"<p>DENOMINACI\u00d3N DE LA CARRERA: Profesorado de Educaci\u00f3n Inicial TITULO QUE OTORGA LA CARRERA: Profesor\/a de Educaci\u00f3n Inicial DURACI\u00d3N DE LA CARRERA EN A\u00d1OS ACAD\u00c9MICOS: 4 a\u00f1os CARGA HORARIA TOTAL DE LA CARRERA EN HORAS C\u00c1TEDRA: 4080 H.C\u00c1TEDRAS CONDICIONES DE INGRESO: Poseer t\u00edtulo de nivel medio para acceder a estudios conducentes a titulaciones docentes. Excepcionalmente, los &#8230; <a title=\"DATOS GENERALES (INICIAL)\" class=\"read-more\" href=\"https:\/\/ispmantovani-cha.infd.edu.ar\/sitio\/datos-generales-inicial\/\" aria-label=\"More on DATOS GENERALES (INICIAL)\">[+]<\/a><\/p>\n","protected":false},"author":379,"featured_media":0,"parent":0,"menu_order":0,"comment_status":"closed","ping_status":"closed","template":"","meta":[],"acf":[],"_links":{"self":[{"href":"https:\/\/ispmantovani-cha.infd.edu.ar\/sitio\/wp-json\/wp\/v2\/pages\/5780"}],"collection":[{"href":"https:\/\/ispmantovani-cha.infd.edu.ar\/sitio\/wp-json\/wp\/v2\/pages"}],"about":[{"href":"https:\/\/ispmantovani-cha.infd.edu.ar\/sitio\/wp-json\/wp\/v2\/types\/page"}],"author":[{"embeddable":true,"href":"https:\/\/ispmantovani-cha.infd.edu.ar\/sitio\/wp-json\/wp\/v2\/users\/379"}],"replies":[{"embeddable":true,"href":"https:\/\/ispmantovani-cha.infd.edu.ar\/sitio\/wp-json\/wp\/v2\/comments?post=5780"}],"version-history":[{"count":2,"href":"https:\/\/ispmantovani-cha.infd.edu.ar\/sitio\/wp-json\/wp\/v2\/pages\/5780\/revisions"}],"predecessor-version":[{"id":5785,"href":"https:\/\/ispmantovani-cha.infd.edu.ar\/sitio\/wp-json\/wp\/v2\/pages\/5780\/revisions\/5785"}],"wp:attachment":[{"href":"https:\/\/ispmantovani-cha.infd.edu.ar\/sitio\/wp-json\/wp\/v2\/media?parent=5780"}],"curies":[{"name":"wp","href":"https:\/\/api.w.org\/{rel}","templated":true}]}}