{"id":5172,"date":"2023-03-09T18:21:19","date_gmt":"2023-03-09T21:21:19","guid":{"rendered":"https:\/\/ispmantovani-cha.infd.edu.ar\/sitio\/?page_id=5172"},"modified":"2023-05-22T10:57:45","modified_gmt":"2023-05-22T13:57:45","slug":"actualizaciones-academicas","status":"publish","type":"page","link":"https:\/\/ispmantovani-cha.infd.edu.ar\/sitio\/actualizaciones-academicas\/","title":{"rendered":"Actualizaciones Acad\u00e9micas"},"content":{"rendered":"\n<p><\/p>\n\n\n\n<p><\/p>\n\n\n\n<p><\/p>\n\n\n<p style=\"text-align: center;\"><img decoding=\"async\" loading=\"lazy\" class=\"alignnone wp-image-5214 \" src=\"https:\/\/ispmantovani-cha.infd.edu.ar\/sitio\/wp-content\/uploads\/2023\/03\/Portada-Actualizaciones-e1678419665617.png\" alt=\"\" width=\"703\" height=\"166\"><\/p>\n<p style=\"text-align: center;\"><strong>ACTUALIZACI\u00d3N ACAD\u00c9MICA EN EDUCACI\u00d3N SEXUAL INTEGRAL<\/strong><\/p>\n<p><img decoding=\"async\" loading=\"lazy\" class=\"alignnone wp-image-5460\" src=\"https:\/\/ispmantovani-cha.infd.edu.ar\/sitio\/wp-content\/uploads\/2023\/05\/Cs-Sociales-Primaria.png\" alt=\"\" width=\"450\" height=\"147\">&nbsp; &nbsp;<img decoding=\"async\" loading=\"lazy\" class=\"alignnone wp-image-5461\" src=\"https:\/\/ispmantovani-cha.infd.edu.ar\/sitio\/wp-content\/uploads\/2023\/05\/Cs-Naturales-Primaria.png\" alt=\"\" width=\"450\" height=\"169\"><\/p>\n<p><img decoding=\"async\" loading=\"lazy\" class=\"alignnone wp-image-5462\" src=\"https:\/\/ispmantovani-cha.infd.edu.ar\/sitio\/wp-content\/uploads\/2023\/05\/Pedagogia-Experiencias-Socioeducativas.png\" alt=\"\" width=\"450\" height=\"155\">&nbsp; &nbsp;<img decoding=\"async\" loading=\"lazy\" class=\"alignnone wp-image-5463\" src=\"https:\/\/ispmantovani-cha.infd.edu.ar\/sitio\/wp-content\/uploads\/2023\/05\/Matematica-Primario.png\" alt=\"\" width=\"450\" height=\"151\">&nbsp; &nbsp;<\/p>\n<p><img decoding=\"async\" loading=\"lazy\" class=\"alignnone wp-image-5464\" src=\"https:\/\/ispmantovani-cha.infd.edu.ar\/sitio\/wp-content\/uploads\/2023\/05\/Matematica-Secundaria.png\" alt=\"\" width=\"450\" height=\"142\">&nbsp; &nbsp;<img decoding=\"async\" loading=\"lazy\" class=\"alignnone wp-image-5465\" src=\"https:\/\/ispmantovani-cha.infd.edu.ar\/sitio\/wp-content\/uploads\/2023\/05\/Lectura-y-Escritura-Secundaria.png\" alt=\"\" width=\"450\" height=\"147\"> <img decoding=\"async\" loading=\"lazy\" class=\"alignnone wp-image-5466\" src=\"https:\/\/ispmantovani-cha.infd.edu.ar\/sitio\/wp-content\/uploads\/2023\/05\/Lectura-y-Escritura-Primaria.png\" alt=\"\" width=\"450\" height=\"149\">&nbsp; &nbsp; <img decoding=\"async\" loading=\"lazy\" class=\"alignnone wp-image-5467\" src=\"https:\/\/ispmantovani-cha.infd.edu.ar\/sitio\/wp-content\/uploads\/2023\/05\/TIC-Secundaria.png\" alt=\"\" width=\"450\" height=\"139\"><img decoding=\"async\" loading=\"lazy\" class=\"aligncenter wp-image-5468\" src=\"https:\/\/ispmantovani-cha.infd.edu.ar\/sitio\/wp-content\/uploads\/2023\/05\/Educ-Domiciliaria-y-Hospitalaria.png\" alt=\"\" width=\"450\" height=\"149\"><\/p>\n<p style=\"text-align: center;\"><\/p>\n\n\n<h3 class=\"has-text-align-center wp-block-heading\"><strong>MAIL DE CONTACTO CON LA SEDE: <a rel=\"noreferrer noopener\" href=\"mailto:secretariainfod@gmail.com\" target=\"_blank\">secretariainfod@gmail.com<\/a><\/strong><\/h3>\n\n\n\n<p class=\"has-text-align-center\">    WHATSAPP    de    8:00 hs. a 12:00 hs.   y de  16:00 hs a 20:00 hs.  &#8211;   0364-4449565<\/p>\n\n\n\n<p><\/p>\n\n\n\n<p>1.  Actualizaciones Acad\u00e9micas<\/p>\n\n\n\n<p>Las inscripciones estar\u00e1n abiertas hasta el 10 de marzo. Tienen toda la informaci\u00f3n disponible en&nbsp;<a href=\"http:\/\/bit.ly\/Actualizaciones2023\" target=\"_blank\" rel=\"noreferrer noopener\">bit.ly\/Actualizaciones2023<\/a><br>Las y los invitamos a que lean con atenci\u00f3n las\/os destinatarias\/os de cada propuesta y las provincias que adhieren.<br>Por consultas comunicarse a&nbsp;<a href=\"mailto:actualizaciones@infd.edu.ar\" target=\"_blank\" rel=\"noreferrer noopener\">actualizaciones@infd.edu.ar<\/a><\/p>\n\n\n\n<p>2. Cursos nacionales<\/p>\n\n\n\n<p>Desde el 22 de febrero hasta el 10 de marzo estar\u00e1n disponibles las inscripciones a cursos.<\/p>\n\n\n\n<p>Podr\u00e1n cursar dos propuestas en forma simult\u00e1nea. Les recomendamos seleccionar las propuestas m\u00e1s afines a su desempe\u00f1o. Este a\u00f1o se ofrecer\u00e1n cursos durante los tres trimestres. En mayo y en septiembre se abrir\u00e1n nuevamente las inscripciones.<\/p>\n\n\n\n<p>Para m\u00e1s informaci\u00f3n y conocer la oferta pueden ingresar a&nbsp;<a href=\"https:\/\/infod.educacion.gob.ar\/cursos\" target=\"_blank\" rel=\"noreferrer noopener\">bit.ly\/CursosNacionales2023<\/a><\/p>\n\n\n\n<p>Por consultas comunicarse con&nbsp;<a href=\"mailto:soportecursos@infd.edu.ar\" target=\"_blank\" rel=\"noreferrer noopener\">soportecursos@infd.edu.ar<\/a><\/p>\n\n\n\n<p>3. Tramos de formaci\u00f3n<\/p>\n\n\n\n<p>Est\u00e1 abierta la inscripci\u00f3n a los tramos de formaci\u00f3n. Cada tramo est\u00e1 compuesto por 3 jornadas, que consisten en videoconferencias transmitidas por el canal de YouTube de Nuestra Escuela sobre ejes tem\u00e1ticos relacionados con problemas singulares de la pr\u00e1ctica educativa, ya sean institucionales, curriculares, pedag\u00f3gicos o did\u00e1cticos. La carga horaria es de 15 horas.<br>Se abren propuestas de manera permanente. Para conocer la oferta actual de tramos pueden ingresar a este enlace:&nbsp;<a href=\"http:\/\/bit.ly\/Tramos2023\" target=\"_blank\" rel=\"noreferrer noopener\">bit.ly\/Tramos2023<\/a><br>Por consultas pueden escribir a&nbsp;<a href=\"mailto:infdtic@infd.edu.ar\" target=\"_blank\" rel=\"noreferrer noopener\">infdtic@infd.edu.ar<\/a><\/p>\n\n\n\n<p><br>Nuestra Escuela<br>Instituto Nacional de Formaci\u00f3n Docente<\/p>\n\n\n\n<p><\/p>\n","protected":false},"excerpt":{"rendered":"<p>ACTUALIZACI\u00d3N ACAD\u00c9MICA EN EDUCACI\u00d3N SEXUAL INTEGRAL &nbsp; &nbsp; &nbsp; &nbsp;&nbsp; &nbsp; &nbsp; &nbsp; &nbsp; &nbsp; MAIL DE CONTACTO CON LA SEDE: secretariainfod@gmail.com WHATSAPP de 8:00 hs. a 12:00 hs. y de 16:00 hs a 20:00 hs. &#8211; 0364-4449565 1. Actualizaciones Acad\u00e9micas Las inscripciones estar\u00e1n abiertas hasta el 10 de marzo. Tienen toda la informaci\u00f3n disponible &#8230; <a title=\"Actualizaciones Acad\u00e9micas\" class=\"read-more\" href=\"https:\/\/ispmantovani-cha.infd.edu.ar\/sitio\/actualizaciones-academicas\/\" aria-label=\"More on Actualizaciones Acad\u00e9micas\">[+]<\/a><\/p>\n","protected":false},"author":5121,"featured_media":0,"parent":0,"menu_order":0,"comment_status":"closed","ping_status":"closed","template":"","meta":[],"acf":[],"_links":{"self":[{"href":"https:\/\/ispmantovani-cha.infd.edu.ar\/sitio\/wp-json\/wp\/v2\/pages\/5172"}],"collection":[{"href":"https:\/\/ispmantovani-cha.infd.edu.ar\/sitio\/wp-json\/wp\/v2\/pages"}],"about":[{"href":"https:\/\/ispmantovani-cha.infd.edu.ar\/sitio\/wp-json\/wp\/v2\/types\/page"}],"author":[{"embeddable":true,"href":"https:\/\/ispmantovani-cha.infd.edu.ar\/sitio\/wp-json\/wp\/v2\/users\/5121"}],"replies":[{"embeddable":true,"href":"https:\/\/ispmantovani-cha.infd.edu.ar\/sitio\/wp-json\/wp\/v2\/comments?post=5172"}],"version-history":[{"count":25,"href":"https:\/\/ispmantovani-cha.infd.edu.ar\/sitio\/wp-json\/wp\/v2\/pages\/5172\/revisions"}],"predecessor-version":[{"id":5472,"href":"https:\/\/ispmantovani-cha.infd.edu.ar\/sitio\/wp-json\/wp\/v2\/pages\/5172\/revisions\/5472"}],"wp:attachment":[{"href":"https:\/\/ispmantovani-cha.infd.edu.ar\/sitio\/wp-json\/wp\/v2\/media?parent=5172"}],"curies":[{"name":"wp","href":"https:\/\/api.w.org\/{rel}","templated":true}]}}