{"id":5145,"date":"2023-03-07T18:46:07","date_gmt":"2023-03-07T21:46:07","guid":{"rendered":"https:\/\/ispmantovani-cha.infd.edu.ar\/sitio\/?page_id=5145"},"modified":"2024-11-27T12:58:52","modified_gmt":"2024-11-27T15:58:52","slug":"convenios-institucionales","status":"publish","type":"page","link":"https:\/\/ispmantovani-cha.infd.edu.ar\/sitio\/convenios-institucionales\/","title":{"rendered":"Convenios Institucionales"},"content":{"rendered":"\n<figure class=\"wp-block-table\"><table class=\"has-fixed-layout\"><tbody><tr><td class=\"has-text-align-center\" data-align=\"center\"><img decoding=\"async\" loading=\"lazy\" width=\"1600\" height=\"1200\" class=\"wp-image-6891\" style=\"width: 350px;\" src=\"https:\/\/ispmantovani-cha.infd.edu.ar\/sitio\/wp-content\/uploads\/2024\/11\/Mantovani-Convenio1.jpg\" alt=\"\" srcset=\"https:\/\/ispmantovani-cha.infd.edu.ar\/sitio\/wp-content\/uploads\/2024\/11\/Mantovani-Convenio1.jpg 1600w, https:\/\/ispmantovani-cha.infd.edu.ar\/sitio\/wp-content\/uploads\/2024\/11\/Mantovani-Convenio1-1000x750.jpg 1000w, https:\/\/ispmantovani-cha.infd.edu.ar\/sitio\/wp-content\/uploads\/2024\/11\/Mantovani-Convenio1-768x576.jpg 768w, https:\/\/ispmantovani-cha.infd.edu.ar\/sitio\/wp-content\/uploads\/2024\/11\/Mantovani-Convenio1-1536x1152.jpg 1536w\" sizes=\"(max-width: 1600px) 100vw, 1600px\" \/><\/td><td>Desde el inicio de a\u00f1o se hicieron gestiones con el Municipio de la localidad de Napenay y las autoridades de la Regional III y del Meccyt, para el dictado de la carrera Tecnicatura Superior en Gesti\u00f3n y Administraci\u00f3n Municipal.<br>En agosto se iniciar\u00eda el dictado de una nueva cohorte de1\u00b0 a\u00f1o con Plan Nuevo (2022) en Napenay. El espacio edilicio que se ocupar\u00e1 ser\u00e1 la EES N\u00b038 \u00abSergio Bauer\u00bb (esto es tambi\u00e9n muy significativo para nosotros, ya que Sergio fue alumno y egresado de este Instituto, y calculo que se habr\u00e1 dibujado una gran sonrisa en el cielo) &#x2728;<br>La semana pasada se pudo concretar la firma de acuerdos con el Intendente, Presidente del Concejo, Regional de Reg.Ed. III y Director de la Esc. Secundaria N\u00b083 donde se dictar\u00e1 la carrera.<\/td><\/tr><\/tbody><\/table><\/figure>\n\n\n\n<figure class=\"wp-block-table\"><table class=\"has-fixed-layout\"><tbody><tr><td class=\"has-text-align-center\" data-align=\"center\"><img decoding=\"async\" loading=\"lazy\" width=\"1040\" height=\"344\" class=\"wp-image-6740\" style=\"width: 250px;\" src=\"https:\/\/ispmantovani-cha.infd.edu.ar\/sitio\/wp-content\/uploads\/2024\/08\/AIlaacc.jpg\" alt=\"\" srcset=\"https:\/\/ispmantovani-cha.infd.edu.ar\/sitio\/wp-content\/uploads\/2024\/08\/AIlaacc.jpg 1040w, https:\/\/ispmantovani-cha.infd.edu.ar\/sitio\/wp-content\/uploads\/2024\/08\/AIlaacc-1000x331.jpg 1000w, https:\/\/ispmantovani-cha.infd.edu.ar\/sitio\/wp-content\/uploads\/2024\/08\/AIlaacc-768x254.jpg 768w\" sizes=\"(max-width: 1040px) 100vw, 1040px\" \/><\/td><td class=\"has-text-align-center\" data-align=\"center\"><img decoding=\"async\" loading=\"lazy\" width=\"397\" height=\"243\" class=\"wp-image-5148\" style=\"width: 150px;\" src=\"https:\/\/ispmantovani-cha.infd.edu.ar\/sitio\/wp-content\/uploads\/2023\/03\/Logo_manto_2.jpg\" alt=\"\"><\/td><\/tr><tr><td class=\"has-text-align-center\" data-align=\"center\"><img decoding=\"async\" loading=\"lazy\" width=\"1600\" height=\"1200\" class=\"wp-image-6742\" style=\"width: 300px;\" src=\"https:\/\/ispmantovani-cha.infd.edu.ar\/sitio\/wp-content\/uploads\/2024\/08\/Ailaacc-Mantovani_6.jpg\" alt=\"\" srcset=\"https:\/\/ispmantovani-cha.infd.edu.ar\/sitio\/wp-content\/uploads\/2024\/08\/Ailaacc-Mantovani_6.jpg 1600w, https:\/\/ispmantovani-cha.infd.edu.ar\/sitio\/wp-content\/uploads\/2024\/08\/Ailaacc-Mantovani_6-1000x750.jpg 1000w, https:\/\/ispmantovani-cha.infd.edu.ar\/sitio\/wp-content\/uploads\/2024\/08\/Ailaacc-Mantovani_6-768x576.jpg 768w, https:\/\/ispmantovani-cha.infd.edu.ar\/sitio\/wp-content\/uploads\/2024\/08\/Ailaacc-Mantovani_6-1536x1152.jpg 1536w\" sizes=\"(max-width: 1600px) 100vw, 1600px\" \/><\/td><td class=\"has-text-align-center\" data-align=\"center\"><strong>ACTA DE COMPROMISO INTERINSTITUCIONAL<\/strong><br>En la ciudad de Presidencia Roque S\u00e1enz Pe\u00f1a, Chaco a los 22 d\u00edas del mes de abril de 2024, se re\u00fanen: el Equipo del Servicio de Apoyo a la Integraci\u00f3n Escolar de la UEP N\u00b0 195 \u2013 AILAACC, Directora Lic. GUCHEA MARTHA&nbsp; y la Directora del Instituto de Nivel Terciario \u201cJuan Mantovani\u201d Prof. Diaz Yanevich Claudia, la rectora Prof. Herrera Vilma y la Coordinadora Pedag\u00f3gica Prof. Valleto Raquel, a los efectos de conformar el Acta de Compromiso 2024, para un alumno de <strong>1er a\u00f1o&nbsp;<\/strong>de la carrera Tecnicatura Superior en la Gesti\u00f3n de la Producci\u00f3n Agropecuaria.<\/td><\/tr><\/tbody><\/table><\/figure>\n\n\n\n<h3 class=\"wp-block-heading has-text-align-center\"><strong>ACTA DE ACUERDO INTA &#8211; IES JUAN MANTOVANI<\/strong><\/h3>\n\n\n\n<figure class=\"wp-block-table has-medium-font-size\"><table><tbody><tr><td class=\"has-text-align-center\" data-align=\"center\"><img decoding=\"async\" loading=\"lazy\" width=\"286\" height=\"240\" class=\"wp-image-5147\" style=\"width: 250px;\" src=\"https:\/\/ispmantovani-cha.infd.edu.ar\/sitio\/wp-content\/uploads\/2023\/03\/INTA_portada-1.jpg\" alt=\"\">             <img decoding=\"async\" loading=\"lazy\" width=\"397\" height=\"243\" class=\"wp-image-5148\" style=\"width: 250px;\" src=\"https:\/\/ispmantovani-cha.infd.edu.ar\/sitio\/wp-content\/uploads\/2023\/03\/Logo_manto_2.jpg\" alt=\"\"><\/td><\/tr><tr><td class=\"has-text-align-center\" data-align=\"center\"><img decoding=\"async\" loading=\"lazy\" width=\"900\" height=\"759\" class=\"wp-image-5149\" style=\"width: 500px;\" src=\"https:\/\/ispmantovani-cha.infd.edu.ar\/sitio\/wp-content\/uploads\/2023\/03\/INTA.jpg\" alt=\"\" srcset=\"https:\/\/ispmantovani-cha.infd.edu.ar\/sitio\/wp-content\/uploads\/2023\/03\/INTA.jpg 900w, https:\/\/ispmantovani-cha.infd.edu.ar\/sitio\/wp-content\/uploads\/2023\/03\/INTA-768x648.jpg 768w\" sizes=\"(max-width: 900px) 100vw, 900px\" \/><\/td><\/tr><tr><td class=\"has-text-align-center\" data-align=\"center\">En la ciudad de Presidencia Roque S\u00e1enz Pe\u00f1a, a los 07 d\u00edas del mes de&nbsp; agosto del 2021, se firm\u00f3 el Acta Acuerdo, entre la Estaci\u00f3n Experimental del INTA \u201cS\u00e1enz Pe\u00f1a, representado por su Director Ing. Agr. V\u00edctor Fabio Wyss y el I.E.S. Juan Mantovani a trav\u00e9s de la Tecnicatura Superior en Gesti\u00f3n de la Producci\u00f3n Agropecuaria, representado por su Rectora, Prof. Vilma Herrera.<br>Este Acta de Acuerdo tiene por objeto implementar, entre el I.E.S. Juan Mantovani, a trav\u00e9s de la Tecnicatura Superior en Gesti\u00f3n de la Producci\u00f3n Agropecuaria y la Estaci\u00f3n Experimental del INTA \u201cS\u00e1enz Pe\u00f1a\u201d, un Sistema de Interacci\u00f3n y Vinculaci\u00f3n, mediante Desarrollo de Proyectos Productivos y Pr\u00e1cticas Profesionalizantes, que permitan a Alumnos y Docentes interactuar, complementar, desarrollar y aplicar conocimientos te\u00f3ricos con experiencias pr\u00e1cticas en espacios y \u00e1reas de formaci\u00f3n especificas afines comunes en funci\u00f3n de cada una de las instituciones que implementan este Convenio.<br>La interacci\u00f3n y vinculaci\u00f3n consiste en una extensi\u00f3n del Proceso de Ense\u00f1anza \u2013 Aprendizaje por la que los alumnos realizan y\/o reciben conocimientos te\u00f3ricos y practicas relacionadas con su formaci\u00f3n y especializaci\u00f3n en la Estaci\u00f3n Experimental del INTA \u201cS\u00e1enz Pe\u00f1a\u201d y en la Tecnicatura Superior en Gesti\u00f3n de la Producci\u00f3n Agropecuaria del I.E.S. Juan Mantovani.<\/td><\/tr><\/tbody><\/table><\/figure>\n\n\n\n<h3 class=\"wp-block-heading has-text-align-center\">ACTA DE ACUERDO UEGP140 \u201cNuestra Se\u00f1ora de la Guardia\u201d- IES JUAN MANTOVANI<\/h3>\n\n\n\n<figure class=\"wp-block-table has-medium-font-size\"><table><tbody><tr><td class=\"has-text-align-center\" data-align=\"center\"><img decoding=\"async\" loading=\"lazy\" width=\"320\" height=\"320\" class=\"wp-image-5160\" style=\"width: 250px;\" src=\"https:\/\/ispmantovani-cha.infd.edu.ar\/sitio\/wp-content\/uploads\/2023\/03\/UEGP140_LOGO.png\" alt=\"\"> <img decoding=\"async\" loading=\"lazy\" width=\"397\" height=\"243\" class=\"wp-image-5148\" style=\"width: 250px;\" src=\"https:\/\/ispmantovani-cha.infd.edu.ar\/sitio\/wp-content\/uploads\/2023\/03\/Logo_manto_2.jpg\" alt=\"\"><\/td><\/tr><tr><td class=\"has-text-align-center\" data-align=\"center\">En la ciudad de Presidencia Roque S\u00e1enz Pe\u00f1a, el 19 de octubre del 2021. &nbsp;Se firm\u00f3 el Acta Acuerdo, entre la UEGP 140 \u201cNuestra Se\u00f1ora de la Guardia\u201d, representado por su rectora y el I.E.S. Juan Mantovani a trav\u00e9s de la Tecnicatura Superior en Gesti\u00f3n de la Producci\u00f3n Agropecuaria, representado por su Rectora.<br>Desde el desarrollo del Proyecto se pretende el acercamiento al \u00e1mbito real productivo de alumnos tanto de nivel medio como superior, a trav\u00e9s de pr\u00e1cticas, en cada caso particular, que permitan la concreci\u00f3n de actividades productivas especificas del \u00e1mbito agropecuario, con ello favoreciendo la apropiaci\u00f3n de conocimientos y t\u00e9cnicas indispensables para el futuro desempe\u00f1o en el \u00e1mbito profesional. Esta interdisciplinariedad y trabajo interinstitucional, favorecer\u00e1&nbsp;&nbsp; y permitir\u00e1 al alumno comprender la complejidad de la actividad agropecuaria dada la integraci\u00f3n de diferentes ciencias y \u00e1reas espec\u00edficas, mejorando as\u00ed el nivel formativo del alumno de nivel medio y permitiendo la realizaci\u00f3n de pr\u00e1cticas profesionalizantes del alumno de nivel superior, conllevando a un mejor nivel y calidad educativa en ambos casos. <\/td><\/tr><tr><td class=\"has-text-align-center\" data-align=\"center\"><img decoding=\"async\" loading=\"lazy\" width=\"580\" height=\"635\" class=\"wp-image-5166\" style=\"width: 150px;\" src=\"https:\/\/ispmantovani-cha.infd.edu.ar\/sitio\/wp-content\/uploads\/2023\/03\/Guardia7.jpg\" alt=\"\"> <img decoding=\"async\" loading=\"lazy\" width=\"720\" height=\"770\" class=\"wp-image-5164\" style=\"width: 150px;\" src=\"https:\/\/ispmantovani-cha.infd.edu.ar\/sitio\/wp-content\/uploads\/2023\/03\/Guardia5.jpg\" alt=\"\"> <img decoding=\"async\" loading=\"lazy\" width=\"720\" height=\"690\" class=\"wp-image-5163\" style=\"width: 150px;\" src=\"https:\/\/ispmantovani-cha.infd.edu.ar\/sitio\/wp-content\/uploads\/2023\/03\/Guardia4.jpg\" alt=\"\"><br><img decoding=\"async\" loading=\"lazy\" width=\"1019\" height=\"497\" class=\"wp-image-5165\" style=\"width: 500px;\" src=\"https:\/\/ispmantovani-cha.infd.edu.ar\/sitio\/wp-content\/uploads\/2023\/03\/Guardia6.jpg\" alt=\"\" srcset=\"https:\/\/ispmantovani-cha.infd.edu.ar\/sitio\/wp-content\/uploads\/2023\/03\/Guardia6.jpg 1019w, https:\/\/ispmantovani-cha.infd.edu.ar\/sitio\/wp-content\/uploads\/2023\/03\/Guardia6-1000x488.jpg 1000w, https:\/\/ispmantovani-cha.infd.edu.ar\/sitio\/wp-content\/uploads\/2023\/03\/Guardia6-768x375.jpg 768w\" sizes=\"(max-width: 1019px) 100vw, 1019px\" \/><\/td><\/tr><tr><td class=\"has-text-align-center\" data-align=\"center\"><img decoding=\"async\" src=\"https:\/\/ispmantovani-cha.infd.edu.ar\/sitio\/wp-content\/uploads\/2023\/03\/UEGP140.jpg\" alt=\"\"><\/td><\/tr><\/tbody><\/table><\/figure>\n","protected":false},"excerpt":{"rendered":"<p>Desde el inicio de a\u00f1o se hicieron gestiones con el Municipio de la localidad de Napenay y las autoridades de la Regional III y del Meccyt, para el dictado de la carrera Tecnicatura Superior en Gesti\u00f3n y Administraci\u00f3n Municipal.En agosto se iniciar\u00eda el dictado de una nueva cohorte de1\u00b0 a\u00f1o con Plan Nuevo (2022) en &#8230; <a title=\"Convenios Institucionales\" class=\"read-more\" href=\"https:\/\/ispmantovani-cha.infd.edu.ar\/sitio\/convenios-institucionales\/\" aria-label=\"More on Convenios Institucionales\">[+]<\/a><\/p>\n","protected":false},"author":379,"featured_media":0,"parent":0,"menu_order":0,"comment_status":"closed","ping_status":"closed","template":"","meta":[],"acf":[],"_links":{"self":[{"href":"https:\/\/ispmantovani-cha.infd.edu.ar\/sitio\/wp-json\/wp\/v2\/pages\/5145"}],"collection":[{"href":"https:\/\/ispmantovani-cha.infd.edu.ar\/sitio\/wp-json\/wp\/v2\/pages"}],"about":[{"href":"https:\/\/ispmantovani-cha.infd.edu.ar\/sitio\/wp-json\/wp\/v2\/types\/page"}],"author":[{"embeddable":true,"href":"https:\/\/ispmantovani-cha.infd.edu.ar\/sitio\/wp-json\/wp\/v2\/users\/379"}],"replies":[{"embeddable":true,"href":"https:\/\/ispmantovani-cha.infd.edu.ar\/sitio\/wp-json\/wp\/v2\/comments?post=5145"}],"version-history":[{"count":5,"href":"https:\/\/ispmantovani-cha.infd.edu.ar\/sitio\/wp-json\/wp\/v2\/pages\/5145\/revisions"}],"predecessor-version":[{"id":6892,"href":"https:\/\/ispmantovani-cha.infd.edu.ar\/sitio\/wp-json\/wp\/v2\/pages\/5145\/revisions\/6892"}],"wp:attachment":[{"href":"https:\/\/ispmantovani-cha.infd.edu.ar\/sitio\/wp-json\/wp\/v2\/media?parent=5145"}],"curies":[{"name":"wp","href":"https:\/\/api.w.org\/{rel}","templated":true}]}}