{"id":4345,"date":"2021-12-06T08:01:40","date_gmt":"2021-12-06T11:01:40","guid":{"rendered":"https:\/\/ispmantovani-cha.infd.edu.ar\/sitio\/?page_id=4345"},"modified":"2024-11-27T19:46:00","modified_gmt":"2024-11-27T22:46:00","slug":"ofertas-academicas","status":"publish","type":"page","link":"https:\/\/ispmantovani-cha.infd.edu.ar\/sitio\/ofertas-academicas\/","title":{"rendered":"Ofertas Acad\u00e9micas"},"content":{"rendered":"\n<p class=\"has-text-align-center has-medium-font-size\"><\/p>\n\n\n\n<p><strong><span class=\"has-inline-color has-vivid-red-color\">Antes de realizar la inscripci\u00f3n invitamos a que visualice las distintas carreras que ofrece el Instituto. En cada folleto podr\u00e1 hacer  clic y les otorgar\u00e1 datos generales de la misma.<\/span><\/strong><\/p>\n\n\n\n<div class=\"wp-block-columns is-layout-flex wp-container-2\">\n<div class=\"wp-block-column is-layout-flow\" style=\"flex-basis:100%\">\n<figure class=\"wp-block-table is-style-stripes\"><table><tbody><tr><td><img decoding=\"async\" loading=\"lazy\" width=\"1920\" height=\"480\" class=\"wp-image-4438\" style=\"width: 1000px;\" src=\"https:\/\/ispmantovani-cha.infd.edu.ar\/sitio\/wp-content\/uploads\/2021\/12\/Requisitos_banner.png\" alt=\"\" srcset=\"https:\/\/ispmantovani-cha.infd.edu.ar\/sitio\/wp-content\/uploads\/2021\/12\/Requisitos_banner.png 1920w, https:\/\/ispmantovani-cha.infd.edu.ar\/sitio\/wp-content\/uploads\/2021\/12\/Requisitos_banner-1000x250.png 1000w, https:\/\/ispmantovani-cha.infd.edu.ar\/sitio\/wp-content\/uploads\/2021\/12\/Requisitos_banner-1900x475.png 1900w, https:\/\/ispmantovani-cha.infd.edu.ar\/sitio\/wp-content\/uploads\/2021\/12\/Requisitos_banner-768x192.png 768w, https:\/\/ispmantovani-cha.infd.edu.ar\/sitio\/wp-content\/uploads\/2021\/12\/Requisitos_banner-1536x384.png 1536w\" sizes=\"(max-width: 1920px) 100vw, 1920px\" \/><\/td><\/tr><tr><td><strong>1. Fotocopia autenticada del T\u00edtulo secundario o Constancia de T\u00edtulo en tr\u00e1mite (original).<br>2. Fotocopia autenticada del&nbsp; Acta de Nacimiento (Actualizada).<br>3. Dos Fotocopias autenticadas del&nbsp; D.N.I (actualizado).<br>4. Dos fotos 4&#215;4 tipo carnet.<\/strong><br><strong>5. Formulario de Inscripci\u00f3n. <a href=\"https:\/\/drive.google.com\/file\/d\/1MIfUFcUf-4X_MWfc5ryQ2wgZqT88laNk\/view?usp=sharing\" target=\"_blank\" rel=\"noreferrer noopener\">(DESCARGAR AQU\u00cd)<\/a><br>6. Certificado original de buena salud y aptitud psicof\u00edsica. <a rel=\"noreferrer noopener\" href=\"https:\/\/drive.google.com\/file\/d\/1DG-DzpyztaQZu3sqytA60vYaqGQW4QZP\/view?usp=sharing\" target=\"_blank\">(DESCARGAR AQU\u00cd)<\/a><br>7 Fotocopia del Grupo sangu\u00edneo.<br>8. Un folio tama\u00f1o oficio.<\/strong><br><strong>9. Aporte de la cooperadora.<\/strong><\/td><\/tr><tr><td><strong><mark style=\"background-color:rgba(0, 0, 0, 0)\" class=\"has-inline-color has-vivid-red-color\">La documentaci\u00f3n para el legajo ser\u00e1 solicitada luego de haber realizado la <\/mark>PRE &#8211; INSCRIPCI\u00d3N<\/strong>.<\/td><\/tr><\/tbody><\/table><\/figure>\n<\/div>\n<\/div>\n\n\n<div class=\"wp-block-image\">\n<figure class=\"aligncenter size-full is-resized\"><img decoding=\"async\" loading=\"lazy\" src=\"https:\/\/ispmantovani-cha.infd.edu.ar\/sitio\/wp-content\/uploads\/2022\/03\/ATENCION_2022.png\" alt=\"\" class=\"wp-image-4553\" width=\"758\" height=\"227\" srcset=\"https:\/\/ispmantovani-cha.infd.edu.ar\/sitio\/wp-content\/uploads\/2022\/03\/ATENCION_2022.png 820w, https:\/\/ispmantovani-cha.infd.edu.ar\/sitio\/wp-content\/uploads\/2022\/03\/ATENCION_2022-768x230.png 768w\" sizes=\"(max-width: 758px) 100vw, 758px\" \/><\/figure><\/div>\n\n\n<p class=\"has-text-color\" style=\"color:#f40e0e\">Luego de completar el formulario, es necesario que ingrese a su correo e imprima el acuse de recibo que tendr\u00e1 en su bandeja de entrada (revisar spam) para ser presentado en el instituto junto con la documentaci\u00f3n para completar el tr\u00e1mite de dicha inscripci\u00f3n.&nbsp;<strong><em>RECUERDE QUE \u00c9STE, ES UN FORMULARIO DE PRE-INSCRIPCI\u00d3N, EL MISMO TIENE COMO OBJETIVO VER LOS INTERESES DE LOS POTENCIALES ALUMNOS SEG\u00daN LAS OFERTAS ACAD\u00c9MICA.<\/em><\/strong>&nbsp;La inscripci\u00f3n se completa con la presentaci\u00f3n de la documentaci\u00f3n en d\u00edas y horarios que se informar\u00e1 oportunamente.&nbsp;<\/p>\n\n\n\n<figure class=\"wp-block-image size-large\"><img decoding=\"async\" loading=\"lazy\" width=\"1900\" height=\"475\" src=\"https:\/\/ispmantovani-cha.infd.edu.ar\/sitio\/wp-content\/uploads\/2021\/12\/1-1900x475.png\" alt=\"\" class=\"wp-image-4353\" srcset=\"https:\/\/ispmantovani-cha.infd.edu.ar\/sitio\/wp-content\/uploads\/2021\/12\/1-1900x475.png 1900w, https:\/\/ispmantovani-cha.infd.edu.ar\/sitio\/wp-content\/uploads\/2021\/12\/1-1000x250.png 1000w, https:\/\/ispmantovani-cha.infd.edu.ar\/sitio\/wp-content\/uploads\/2021\/12\/1-768x192.png 768w, https:\/\/ispmantovani-cha.infd.edu.ar\/sitio\/wp-content\/uploads\/2021\/12\/1-1536x384.png 1536w, https:\/\/ispmantovani-cha.infd.edu.ar\/sitio\/wp-content\/uploads\/2021\/12\/1.png 1920w\" sizes=\"(max-width: 1900px) 100vw, 1900px\" \/><\/figure>\n\n\n\n<figure class=\"wp-block-table aligncenter\"><table class=\"has-base-background-color has-background\"><tbody><tr><td class=\"has-text-align-center\" data-align=\"center\"><a rel=\"noreferrer noopener\" href=\"https:\/\/ispmantovani-cha.infd.edu.ar\/sitio\/informacion-soft\/\" target=\"_blank\"><strong>&lt;&lt; VER PLAN DE ESTUDIO &gt;&gt;<\/strong><br><img decoding=\"async\" loading=\"lazy\" width=\"1587\" height=\"2245\" class=\"wp-image-4349\" style=\"width: 320px;\" src=\"https:\/\/ispmantovani-cha.infd.edu.ar\/sitio\/wp-content\/uploads\/2021\/12\/TEC_SOFTWARE.png\" alt=\"\" srcset=\"https:\/\/ispmantovani-cha.infd.edu.ar\/sitio\/wp-content\/uploads\/2021\/12\/TEC_SOFTWARE.png 1587w, https:\/\/ispmantovani-cha.infd.edu.ar\/sitio\/wp-content\/uploads\/2021\/12\/TEC_SOFTWARE-707x1000.png 707w, https:\/\/ispmantovani-cha.infd.edu.ar\/sitio\/wp-content\/uploads\/2021\/12\/TEC_SOFTWARE-1343x1900.png 1343w, https:\/\/ispmantovani-cha.infd.edu.ar\/sitio\/wp-content\/uploads\/2021\/12\/TEC_SOFTWARE-768x1086.png 768w, https:\/\/ispmantovani-cha.infd.edu.ar\/sitio\/wp-content\/uploads\/2021\/12\/TEC_SOFTWARE-1086x1536.png 1086w, https:\/\/ispmantovani-cha.infd.edu.ar\/sitio\/wp-content\/uploads\/2021\/12\/TEC_SOFTWARE-1448x2048.png 1448w\" sizes=\"(max-width: 1587px) 100vw, 1587px\" \/><\/a><br><strong><a href=\"https:\/\/forms.gle\/3uNgnEDMdavqM1fM6\" target=\"_blank\" rel=\"noreferrer noopener\">&lt;&lt; REALIZAR PREINSCRIPCI\u00d3N &gt;&gt;<\/a><\/strong><\/td><td class=\"has-text-align-center\" data-align=\"center\"><a rel=\"noreferrer noopener\" href=\"https:\/\/ispmantovani-cha.infd.edu.ar\/sitio\/datos-generales-4\/\" target=\"_blank\"><strong>&lt;&lt; VER PLAN DE ESTUDIO &gt;&gt;<\/strong><br><img decoding=\"async\" loading=\"lazy\" width=\"1587\" height=\"2245\" class=\"wp-image-4348\" style=\"width: 320px;\" src=\"https:\/\/ispmantovani-cha.infd.edu.ar\/sitio\/wp-content\/uploads\/2021\/12\/Poster_Agricola.png\" alt=\"\" srcset=\"https:\/\/ispmantovani-cha.infd.edu.ar\/sitio\/wp-content\/uploads\/2021\/12\/Poster_Agricola.png 1587w, https:\/\/ispmantovani-cha.infd.edu.ar\/sitio\/wp-content\/uploads\/2021\/12\/Poster_Agricola-707x1000.png 707w, https:\/\/ispmantovani-cha.infd.edu.ar\/sitio\/wp-content\/uploads\/2021\/12\/Poster_Agricola-1343x1900.png 1343w, https:\/\/ispmantovani-cha.infd.edu.ar\/sitio\/wp-content\/uploads\/2021\/12\/Poster_Agricola-768x1086.png 768w, https:\/\/ispmantovani-cha.infd.edu.ar\/sitio\/wp-content\/uploads\/2021\/12\/Poster_Agricola-1086x1536.png 1086w, https:\/\/ispmantovani-cha.infd.edu.ar\/sitio\/wp-content\/uploads\/2021\/12\/Poster_Agricola-1448x2048.png 1448w\" sizes=\"(max-width: 1587px) 100vw, 1587px\" \/><\/a><br><strong><a href=\"https:\/\/forms.gle\/SxRjqgfMKfY7eQ8r9\" target=\"_blank\" rel=\"noreferrer noopener\">&lt;&lt; REALIZAR PREINSCRIPCI\u00d3N &gt;&gt;<\/a><\/strong><\/td><\/tr><tr><td class=\"has-text-align-center\" data-align=\"center\"><strong><a rel=\"noreferrer noopener\" href=\"https:\/\/ispmantovani-cha.infd.edu.ar\/sitio\/datos-generales-6\/\" target=\"_blank\">&lt;&lt; VER PLAN DE ESTUDIO &gt;&gt;<br><\/a><\/strong><a rel=\"noreferrer noopener\" href=\"http:\/\/ispmantovani-cha.infd.edu.ar\/sitio\/datos-generales-6\/\" target=\"_blank\"><img decoding=\"async\" loading=\"lazy\" width=\"1587\" height=\"2245\" class=\"wp-image-5916\" style=\"width: 320px;\" src=\"https:\/\/ispmantovani-cha.infd.edu.ar\/sitio\/wp-content\/uploads\/2024\/02\/REDES_CARRERAS.jpg\" alt=\"\" srcset=\"https:\/\/ispmantovani-cha.infd.edu.ar\/sitio\/wp-content\/uploads\/2024\/02\/REDES_CARRERAS.jpg 1587w, https:\/\/ispmantovani-cha.infd.edu.ar\/sitio\/wp-content\/uploads\/2024\/02\/REDES_CARRERAS-707x1000.jpg 707w, https:\/\/ispmantovani-cha.infd.edu.ar\/sitio\/wp-content\/uploads\/2024\/02\/REDES_CARRERAS-1343x1900.jpg 1343w, https:\/\/ispmantovani-cha.infd.edu.ar\/sitio\/wp-content\/uploads\/2024\/02\/REDES_CARRERAS-768x1086.jpg 768w, https:\/\/ispmantovani-cha.infd.edu.ar\/sitio\/wp-content\/uploads\/2024\/02\/REDES_CARRERAS-1086x1536.jpg 1086w, https:\/\/ispmantovani-cha.infd.edu.ar\/sitio\/wp-content\/uploads\/2024\/02\/REDES_CARRERAS-1448x2048.jpg 1448w\" sizes=\"(max-width: 1587px) 100vw, 1587px\" \/><\/a><br><strong><a href=\"https:\/\/forms.gle\/HjSdgxgy4HKf2EGw6\" target=\"_blank\" rel=\"noreferrer noopener\">&lt;&lt; REALIZAR PREINSCRIPCI\u00d3N &gt;&gt;<\/a><\/strong><\/td><td class=\"has-text-align-center\" data-align=\"center\"><\/td><\/tr><tr><td class=\"has-text-align-center\" data-align=\"center\"><\/td><td class=\"has-text-align-center\" data-align=\"center\"><\/td><\/tr><\/tbody><\/table><figcaption class=\"wp-element-caption\"><img decoding=\"async\" loading=\"lazy\" width=\"1920\" height=\"480\" class=\"wp-image-4358\" style=\"width: 1000px;\" src=\"https:\/\/ispmantovani-cha.infd.edu.ar\/sitio\/wp-content\/uploads\/2021\/12\/PROF_BANNER-1.png\" alt=\"\" srcset=\"https:\/\/ispmantovani-cha.infd.edu.ar\/sitio\/wp-content\/uploads\/2021\/12\/PROF_BANNER-1.png 1920w, https:\/\/ispmantovani-cha.infd.edu.ar\/sitio\/wp-content\/uploads\/2021\/12\/PROF_BANNER-1-1000x250.png 1000w, https:\/\/ispmantovani-cha.infd.edu.ar\/sitio\/wp-content\/uploads\/2021\/12\/PROF_BANNER-1-1900x475.png 1900w, https:\/\/ispmantovani-cha.infd.edu.ar\/sitio\/wp-content\/uploads\/2021\/12\/PROF_BANNER-1-768x192.png 768w, https:\/\/ispmantovani-cha.infd.edu.ar\/sitio\/wp-content\/uploads\/2021\/12\/PROF_BANNER-1-1536x384.png 1536w\" sizes=\"(max-width: 1920px) 100vw, 1920px\" \/><\/figcaption><\/figure>\n\n\n\n<figure class=\"wp-block-table aligncenter\"><table class=\"has-base-background-color has-background\"><tbody><tr><td class=\"has-text-align-center\" data-align=\"center\"><\/td><td class=\"has-text-align-center\" data-align=\"center\"><strong><a rel=\"noreferrer noopener\" href=\"https:\/\/ispmantovani-cha.infd.edu.ar\/sitio\/datos-generales-9\/\" target=\"_blank\">&lt;&lt; VER PLAN DE ESTUDIO &gt;&gt;<br><\/a><\/strong><a rel=\"noreferrer noopener\" href=\"http:\/\/ispmantovani-cha.infd.edu.ar\/sitio\/datos-generales-9\/\" target=\"_blank\"><img decoding=\"async\" loading=\"lazy\" width=\"1587\" height=\"2245\" class=\"wp-image-5921\" style=\"width: 320px;\" src=\"https:\/\/ispmantovani-cha.infd.edu.ar\/sitio\/wp-content\/uploads\/2024\/02\/Ciencias_ED.jpg\" alt=\"\" srcset=\"https:\/\/ispmantovani-cha.infd.edu.ar\/sitio\/wp-content\/uploads\/2024\/02\/Ciencias_ED.jpg 1587w, https:\/\/ispmantovani-cha.infd.edu.ar\/sitio\/wp-content\/uploads\/2024\/02\/Ciencias_ED-707x1000.jpg 707w, https:\/\/ispmantovani-cha.infd.edu.ar\/sitio\/wp-content\/uploads\/2024\/02\/Ciencias_ED-1343x1900.jpg 1343w, https:\/\/ispmantovani-cha.infd.edu.ar\/sitio\/wp-content\/uploads\/2024\/02\/Ciencias_ED-768x1086.jpg 768w, https:\/\/ispmantovani-cha.infd.edu.ar\/sitio\/wp-content\/uploads\/2024\/02\/Ciencias_ED-1086x1536.jpg 1086w, https:\/\/ispmantovani-cha.infd.edu.ar\/sitio\/wp-content\/uploads\/2024\/02\/Ciencias_ED-1448x2048.jpg 1448w\" sizes=\"(max-width: 1587px) 100vw, 1587px\" \/><\/a><br><strong><a href=\"https:\/\/forms.gle\/cXD8w9KGEPP3nSGt7\" target=\"_blank\" rel=\"noreferrer noopener\">&lt;&lt; REALIZAR LA PREINSCRIPCI\u00d3N &gt;&gt;<\/a><\/strong><\/td><\/tr><tr><td class=\"has-text-align-center\" data-align=\"center\"><strong><a rel=\"noreferrer noopener\" href=\"https:\/\/ispmantovani-cha.infd.edu.ar\/sitio\/datos-generales-5\/\" target=\"_blank\">&lt;&lt; VER PLAN DE ESTUDIO &gt;&gt;<br><\/a><\/strong><a rel=\"noreferrer noopener\" href=\"https:\/\/ispmantovani-cha.infd.edu.ar\/sitio\/datos-generales-5\/\" target=\"_blank\"><img decoding=\"async\" loading=\"lazy\" width=\"1587\" height=\"2245\" class=\"wp-image-4371\" style=\"width: 320px;\" src=\"https:\/\/ispmantovani-cha.infd.edu.ar\/sitio\/wp-content\/uploads\/2021\/12\/ED_ESPECIAL.png\" alt=\"\" srcset=\"https:\/\/ispmantovani-cha.infd.edu.ar\/sitio\/wp-content\/uploads\/2021\/12\/ED_ESPECIAL.png 1587w, https:\/\/ispmantovani-cha.infd.edu.ar\/sitio\/wp-content\/uploads\/2021\/12\/ED_ESPECIAL-707x1000.png 707w, https:\/\/ispmantovani-cha.infd.edu.ar\/sitio\/wp-content\/uploads\/2021\/12\/ED_ESPECIAL-1343x1900.png 1343w, https:\/\/ispmantovani-cha.infd.edu.ar\/sitio\/wp-content\/uploads\/2021\/12\/ED_ESPECIAL-768x1086.png 768w, https:\/\/ispmantovani-cha.infd.edu.ar\/sitio\/wp-content\/uploads\/2021\/12\/ED_ESPECIAL-1086x1536.png 1086w, https:\/\/ispmantovani-cha.infd.edu.ar\/sitio\/wp-content\/uploads\/2021\/12\/ED_ESPECIAL-1448x2048.png 1448w\" sizes=\"(max-width: 1587px) 100vw, 1587px\" \/><\/a><br><strong><a href=\"https:\/\/forms.gle\/r6yGyqpNdzSx6fNN9\" target=\"_blank\" rel=\"noreferrer noopener\">&lt;&lt; REALIZAR LA PREINSCRIPCI\u00d3N &gt;&gt;<\/a><\/strong><\/td><td class=\"has-text-align-center\" data-align=\"center\"><strong><a href=\"https:\/\/ispmantovani-cha.infd.edu.ar\/sitio\/wp-content\/uploads\/2019\/10\/PlanIngles.pdf\" target=\"_blank\" rel=\"noreferrer noopener\">&lt;&lt; VER PLAN DE ESTUDIO &gt;&gt;<br><\/a><\/strong><img decoding=\"async\" loading=\"lazy\" width=\"1587\" height=\"2245\" class=\"wp-image-5925\" style=\"width: 320px;\" src=\"https:\/\/ispmantovani-cha.infd.edu.ar\/sitio\/wp-content\/uploads\/2024\/02\/PROF_INGLES_PREP.jpg\" alt=\"\" srcset=\"https:\/\/ispmantovani-cha.infd.edu.ar\/sitio\/wp-content\/uploads\/2024\/02\/PROF_INGLES_PREP.jpg 1587w, https:\/\/ispmantovani-cha.infd.edu.ar\/sitio\/wp-content\/uploads\/2024\/02\/PROF_INGLES_PREP-707x1000.jpg 707w, https:\/\/ispmantovani-cha.infd.edu.ar\/sitio\/wp-content\/uploads\/2024\/02\/PROF_INGLES_PREP-1343x1900.jpg 1343w, https:\/\/ispmantovani-cha.infd.edu.ar\/sitio\/wp-content\/uploads\/2024\/02\/PROF_INGLES_PREP-768x1086.jpg 768w, https:\/\/ispmantovani-cha.infd.edu.ar\/sitio\/wp-content\/uploads\/2024\/02\/PROF_INGLES_PREP-1086x1536.jpg 1086w, https:\/\/ispmantovani-cha.infd.edu.ar\/sitio\/wp-content\/uploads\/2024\/02\/PROF_INGLES_PREP-1448x2048.jpg 1448w\" sizes=\"(max-width: 1587px) 100vw, 1587px\" \/><br><strong><a rel=\"noreferrer noopener\" href=\"https:\/\/forms.gle\/cTAEcRBaTgRBPgtU7\" target=\"_blank\">&lt;&lt; REALIZAR LA PREINSCRIPCI\u00d3N &gt;&gt;<\/a><\/strong><\/td><\/tr><tr><td class=\"has-text-align-center\" data-align=\"center\"><strong><a rel=\"noreferrer noopener\" href=\"https:\/\/ispmantovani-cha.infd.edu.ar\/sitio\/datos-generales-7\/\" target=\"_blank\">&lt;&lt; VER PLAN DE ESTUDIO &gt;&gt;<br><\/a><\/strong><a rel=\"noreferrer noopener\" href=\"https:\/\/ispmantovani-cha.infd.edu.ar\/sitio\/datos-generales-7\/\" target=\"_blank\"><img decoding=\"async\" style=\"width: 320px;\" src=\"https:\/\/ispmantovani-cha.infd.edu.ar\/sitio\/wp-content\/uploads\/2021\/12\/Biblioteca_Carrera.png\" alt=\"\"><\/a><br><strong><a href=\"https:\/\/forms.gle\/Fkkjk9UpzPdZvurK7\" target=\"_blank\" rel=\"noreferrer noopener\">&lt;&lt; REALIZAR PREINSCRIPCI\u00d3N &gt;&gt;<\/a><\/strong><\/td><td class=\"has-text-align-center\" data-align=\"center\"><strong><a rel=\"noreferrer noopener\" href=\"https:\/\/ispmantovani-cha.infd.edu.ar\/sitio\/datos-generales-inicial\/\" target=\"_blank\">&lt;&lt; VER PLAN DE ESTUDIO &gt;&gt;<br><\/a><\/strong><a rel=\"noreferrer noopener\" href=\"https:\/\/ispmantovani-cha.infd.edu.ar\/sitio\/datos-generales-inicial\/\" target=\"_blank\"><img decoding=\"async\" loading=\"lazy\" width=\"1587\" height=\"2245\" class=\"wp-image-4403\" style=\"width: 320px;\" src=\"https:\/\/ispmantovani-cha.infd.edu.ar\/sitio\/wp-content\/uploads\/2021\/12\/PROF_INICIAL.png\" alt=\"\" srcset=\"https:\/\/ispmantovani-cha.infd.edu.ar\/sitio\/wp-content\/uploads\/2021\/12\/PROF_INICIAL.png 1587w, https:\/\/ispmantovani-cha.infd.edu.ar\/sitio\/wp-content\/uploads\/2021\/12\/PROF_INICIAL-707x1000.png 707w, https:\/\/ispmantovani-cha.infd.edu.ar\/sitio\/wp-content\/uploads\/2021\/12\/PROF_INICIAL-1343x1900.png 1343w, https:\/\/ispmantovani-cha.infd.edu.ar\/sitio\/wp-content\/uploads\/2021\/12\/PROF_INICIAL-768x1086.png 768w, https:\/\/ispmantovani-cha.infd.edu.ar\/sitio\/wp-content\/uploads\/2021\/12\/PROF_INICIAL-1086x1536.png 1086w, https:\/\/ispmantovani-cha.infd.edu.ar\/sitio\/wp-content\/uploads\/2021\/12\/PROF_INICIAL-1448x2048.png 1448w\" sizes=\"(max-width: 1587px) 100vw, 1587px\" \/><\/a><br><strong><a href=\"https:\/\/forms.gle\/tQ3vrFyjGH7VzWfW7\" target=\"_blank\" rel=\"noreferrer noopener\">&lt;&lt; REALIZAR PREINSCRIPCI\u00d3N &gt;&gt;<\/a><\/strong><\/td><\/tr><tr><td class=\"has-text-align-center\" data-align=\"center\"><strong><a rel=\"noreferrer noopener\" href=\"https:\/\/ispmantovani-cha.infd.edu.ar\/sitio\/datos-generales-11\/\" target=\"_blank\">&lt;&lt; VER PLAN DE ESTUDIO &gt;&gt;<br><\/a><\/strong><a rel=\"noreferrer noopener\" href=\"http:\/\/ispmantovani-cha.infd.edu.ar\/sitio\/datos-generales-11\/\" target=\"_blank\"><img decoding=\"async\" loading=\"lazy\" width=\"1587\" height=\"2245\" class=\"wp-image-5928\" style=\"width: 320px;\" src=\"https:\/\/ispmantovani-cha.infd.edu.ar\/sitio\/wp-content\/uploads\/2024\/02\/Prof_Primaria.jpg\" alt=\"\" srcset=\"https:\/\/ispmantovani-cha.infd.edu.ar\/sitio\/wp-content\/uploads\/2024\/02\/Prof_Primaria.jpg 1587w, https:\/\/ispmantovani-cha.infd.edu.ar\/sitio\/wp-content\/uploads\/2024\/02\/Prof_Primaria-707x1000.jpg 707w, https:\/\/ispmantovani-cha.infd.edu.ar\/sitio\/wp-content\/uploads\/2024\/02\/Prof_Primaria-1343x1900.jpg 1343w, https:\/\/ispmantovani-cha.infd.edu.ar\/sitio\/wp-content\/uploads\/2024\/02\/Prof_Primaria-768x1086.jpg 768w, https:\/\/ispmantovani-cha.infd.edu.ar\/sitio\/wp-content\/uploads\/2024\/02\/Prof_Primaria-1086x1536.jpg 1086w, https:\/\/ispmantovani-cha.infd.edu.ar\/sitio\/wp-content\/uploads\/2024\/02\/Prof_Primaria-1448x2048.jpg 1448w\" sizes=\"(max-width: 1587px) 100vw, 1587px\" \/><\/a><br><strong><a href=\"https:\/\/forms.gle\/FPBNLfs5dPkjrw6u8\" target=\"_blank\" rel=\"noreferrer noopener\">&lt;&lt; REALIZAR PREINSCRIPCI\u00d3N &gt;&gt;<\/a><\/strong><\/td><td class=\"has-text-align-center\" data-align=\"center\"><strong><a rel=\"noreferrer noopener\" href=\"https:\/\/ispmantovani-cha.infd.edu.ar\/sitio\/datos-generales-3\/\" target=\"_blank\">&lt;&lt; VER PLAN DE ESTUDIO &gt;&gt;<br><\/a><\/strong><a rel=\"noreferrer noopener\" href=\"https:\/\/ispmantovani-cha.infd.edu.ar\/sitio\/datos-generales-3\/\" target=\"_blank\"><img decoding=\"async\" style=\"width: 320px;\" src=\"https:\/\/ispmantovani-cha.infd.edu.ar\/sitio\/wp-content\/uploads\/2021\/12\/Artes-Visuales_Escultura-1343x1900.jpg\" alt=\"\"><\/a><br><strong><a href=\"https:\/\/forms.gle\/JN8zkdGZpe3921ex9\" target=\"_blank\" rel=\"noreferrer noopener\">&lt;&lt; REALIZAR PREINSCRIPCI\u00d3N &gt;&gt;<\/a><\/strong><\/td><\/tr><\/tbody><\/table><\/figure>\n\n\n\n<p class=\"has-text-align-center\" style=\"font-size:25px\"><strong><kbd>Consultas: inscripcionesiesmanto@gmail.com<\/kbd><\/strong><\/p>\n\n\n<div class=\"wp-block-image\">\n<figure class=\"aligncenter size-large is-resized\"><img decoding=\"async\" loading=\"lazy\" src=\"https:\/\/ispmantovani-cha.infd.edu.ar\/sitio\/wp-content\/uploads\/2020\/05\/correo.jpg\" alt=\"\" class=\"wp-image-2835\" width=\"212\" height=\"210\"\/><\/figure><\/div>\n\n\n<p><\/p>\n","protected":false},"excerpt":{"rendered":"<p>Antes de realizar la inscripci\u00f3n invitamos a que visualice las distintas carreras que ofrece el Instituto. En cada folleto podr\u00e1 hacer clic y les otorgar\u00e1 datos generales de la misma. 1. Fotocopia autenticada del T\u00edtulo secundario o Constancia de T\u00edtulo en tr\u00e1mite (original).2. Fotocopia autenticada del&nbsp; Acta de Nacimiento (Actualizada).3. Dos Fotocopias autenticadas del&nbsp; D.N.I &#8230; <a title=\"Ofertas Acad\u00e9micas\" class=\"read-more\" href=\"https:\/\/ispmantovani-cha.infd.edu.ar\/sitio\/ofertas-academicas\/\" aria-label=\"More on Ofertas Acad\u00e9micas\">[+]<\/a><\/p>\n","protected":false},"author":379,"featured_media":0,"parent":0,"menu_order":0,"comment_status":"closed","ping_status":"closed","template":"","meta":[],"acf":[],"_links":{"self":[{"href":"https:\/\/ispmantovani-cha.infd.edu.ar\/sitio\/wp-json\/wp\/v2\/pages\/4345"}],"collection":[{"href":"https:\/\/ispmantovani-cha.infd.edu.ar\/sitio\/wp-json\/wp\/v2\/pages"}],"about":[{"href":"https:\/\/ispmantovani-cha.infd.edu.ar\/sitio\/wp-json\/wp\/v2\/types\/page"}],"author":[{"embeddable":true,"href":"https:\/\/ispmantovani-cha.infd.edu.ar\/sitio\/wp-json\/wp\/v2\/users\/379"}],"replies":[{"embeddable":true,"href":"https:\/\/ispmantovani-cha.infd.edu.ar\/sitio\/wp-json\/wp\/v2\/comments?post=4345"}],"version-history":[{"count":88,"href":"https:\/\/ispmantovani-cha.infd.edu.ar\/sitio\/wp-json\/wp\/v2\/pages\/4345\/revisions"}],"predecessor-version":[{"id":6901,"href":"https:\/\/ispmantovani-cha.infd.edu.ar\/sitio\/wp-json\/wp\/v2\/pages\/4345\/revisions\/6901"}],"wp:attachment":[{"href":"https:\/\/ispmantovani-cha.infd.edu.ar\/sitio\/wp-json\/wp\/v2\/media?parent=4345"}],"curies":[{"name":"wp","href":"https:\/\/api.w.org\/{rel}","templated":true}]}}