{"id":4017,"date":"2021-11-10T11:57:23","date_gmt":"2021-11-10T14:57:23","guid":{"rendered":"https:\/\/ispmantovani-cha.infd.edu.ar\/sitio\/?page_id=4017"},"modified":"2024-04-19T18:05:20","modified_gmt":"2024-04-19T21:05:20","slug":"datos-generales-9","status":"publish","type":"page","link":"https:\/\/ispmantovani-cha.infd.edu.ar\/sitio\/datos-generales-9\/","title":{"rendered":"Datos Generales CS &#8211; ED"},"content":{"rendered":"\n<p><strong>Denominaci\u00f3n de la Carrera<\/strong><\/p>\n\n\n\n<p>Profesorado de Educaci\u00f3n Superior en Ciencias de la Educaci\u00f3n.<\/p>\n\n\n\n<p><strong>T\u00edtulo que otorga la carrera<\/strong><\/p>\n\n\n\n<p>Profesor\/a de Educaci\u00f3n Superior en Ciencias de la Educaci\u00f3n.<\/p>\n\n\n\n<p><strong>Duraci\u00f3n de la carrera en a\u00f1os acad\u00e9micos<\/strong><\/p>\n\n\n\n<p>5 a\u00f1os<\/p>\n\n\n\n<p><strong>La carrera se dicta<\/strong> en Pcia. Roque S\u00e1enz Pe\u00f1a (Instituto SEDE)<\/p>\n\n\n\n<p><strong>Incumbencias del t\u00edtulo<\/strong><\/p>\n\n\n\n<p>-Planear, desarrollar, supervisar y evaluar actividades de ense\u00f1anza y aprendizaje<\/p>\n\n\n\n<p>-Asesoramiento pedag\u00f3gico<\/p>\n\n\n\n<p>-Planeamiento educativo (a nivel macro y micro institucional)<\/p>\n\n\n\n<p>-Dise\u00f1o, gesti\u00f3n y evaluaci\u00f3n de planes de estudio, de proyectos educativos y de propuestas pedag\u00f3gicas alternativas.<\/p>\n\n\n\n<p>-Evaluaci\u00f3n de instituciones, programas y proyectos<\/p>\n\n\n\n<p>-Gestionar o asesorar en el funcionamiento integral de Instituciones, departamentos o servicios educativos en general<\/p>\n\n\n\n<p>-Formaci\u00f3n profesional\/ocupacional y capacitaci\u00f3n en servicio<\/p>\n\n\n\n<p>-Dise\u00f1o, producci\u00f3n y asesoramiento para el uso de tecnolog\u00edas educativas<\/p>\n\n\n\n<p>-Orientaci\u00f3n educacional y psicopedag\u00f3gica para la prevenci\u00f3n y asistencia de dificultades educativas.<\/p>\n\n\n\n<p>-Intervenir en tareas de gesti\u00f3n pedag\u00f3gica, asesoramiento, coordinaci\u00f3n y evaluaci\u00f3n acad\u00e9mica en diferentes instituciones educativas (p\u00fablicas o privadas) de todos los niveles.<\/p>\n\n\n\n<p>-Analizar, producir y evaluar dise\u00f1os curriculares de todos los niveles, tanto de la ense\u00f1anza formal como no formal, informal a ser adoptadas y adaptadas a la realidad socioecon\u00f3mica particular (presencial, a distancia, mediatizada).<\/p>\n\n\n\n<p>-Planificar, conducir y evaluar carreras, curr\u00edculos y circuitos de formaci\u00f3n, perfeccionamiento, investigaci\u00f3n, actualizaci\u00f3n y especializaci\u00f3n en todos los niveles educativos.<\/p>\n\n\n\n<p>-Elaborar, participar, gestionar y conducir grupos interdisciplinarios de investigaci\u00f3n educativa<\/p>\n\n\n\n<p><strong>\u00c1mbito Laboral<\/strong><\/p>\n\n\n\n<p>&nbsp;&nbsp; El graduado estar\u00e1 habilitado para efectuar an\u00e1lisis, programaci\u00f3n intervenci\u00f3n profesional en el campo educativo desde una perspectiva multidimensional y compleja. Estas pr\u00e1cticas profesionales se podr\u00e1n desarrollar en los siguientes \u00e1mbitos:<\/p>\n\n\n\n<p>-Sistema educativo formal,<\/p>\n\n\n\n<p>-Organizaciones de educaci\u00f3n no formal,<\/p>\n\n\n\n<p>-Organizaciones p\u00fablicas y privadas de la salud, de la empresa comunitaria y otras.<\/p>\n\n\n\n<p>Al finalizar este Profesorado Superior, los\/as egresados\/as podr\u00e1n insertarse profesionalmente en instituciones educativas; en ministerios; en oficinas p\u00fablicas y organismos nacionales e internacionales vinculados a la educaci\u00f3n; en centros de investigaci\u00f3n y en editoriales; &nbsp;empresas y \u00e1reas de capacitaci\u00f3n en sindicatos y fundaciones; museos; instituciones culturales y medios de comunicaci\u00f3n como especialistas en Educaci\u00f3n, con responsabilidad social, conciencia \u00e9tica y una visi\u00f3n innovadora y prospectiva que -unida a la vocaci\u00f3n personal de \u201cservir a la educaci\u00f3n\u201d- materializar\u00e1n las finalidades formativas con que se pens\u00f3 y proyect\u00f3 la carrera.<\/p>\n\n\n\n<p class=\"has-text-align-center\"><strong><a href=\"https:\/\/ispmantovani-cha.infd.edu.ar\/sitio\/wp-content\/uploads\/2021\/08\/RES.-PLAN.-E.-05551-18-CS-DE-LA-ED..pdf\" target=\"_blank\" rel=\"noreferrer noopener\">&lt;&lt;&lt; VER PLAN DE ESTUDIO &gt;&gt;&gt;<\/a><\/strong><\/p>\n","protected":false},"excerpt":{"rendered":"<p>Denominaci\u00f3n de la Carrera Profesorado de Educaci\u00f3n Superior en Ciencias de la Educaci\u00f3n. T\u00edtulo que otorga la carrera Profesor\/a de Educaci\u00f3n Superior en Ciencias de la Educaci\u00f3n. Duraci\u00f3n de la carrera en a\u00f1os acad\u00e9micos 5 a\u00f1os La carrera se dicta en Pcia. Roque S\u00e1enz Pe\u00f1a (Instituto SEDE) Incumbencias del t\u00edtulo -Planear, desarrollar, supervisar y evaluar &#8230; <a title=\"Datos Generales CS &#8211; ED\" class=\"read-more\" href=\"https:\/\/ispmantovani-cha.infd.edu.ar\/sitio\/datos-generales-9\/\" aria-label=\"More on Datos Generales CS &#8211; ED\">[+]<\/a><\/p>\n","protected":false},"author":379,"featured_media":0,"parent":0,"menu_order":0,"comment_status":"closed","ping_status":"closed","template":"","meta":[],"acf":[],"_links":{"self":[{"href":"https:\/\/ispmantovani-cha.infd.edu.ar\/sitio\/wp-json\/wp\/v2\/pages\/4017"}],"collection":[{"href":"https:\/\/ispmantovani-cha.infd.edu.ar\/sitio\/wp-json\/wp\/v2\/pages"}],"about":[{"href":"https:\/\/ispmantovani-cha.infd.edu.ar\/sitio\/wp-json\/wp\/v2\/types\/page"}],"author":[{"embeddable":true,"href":"https:\/\/ispmantovani-cha.infd.edu.ar\/sitio\/wp-json\/wp\/v2\/users\/379"}],"replies":[{"embeddable":true,"href":"https:\/\/ispmantovani-cha.infd.edu.ar\/sitio\/wp-json\/wp\/v2\/comments?post=4017"}],"version-history":[{"count":5,"href":"https:\/\/ispmantovani-cha.infd.edu.ar\/sitio\/wp-json\/wp\/v2\/pages\/4017\/revisions"}],"predecessor-version":[{"id":6299,"href":"https:\/\/ispmantovani-cha.infd.edu.ar\/sitio\/wp-json\/wp\/v2\/pages\/4017\/revisions\/6299"}],"wp:attachment":[{"href":"https:\/\/ispmantovani-cha.infd.edu.ar\/sitio\/wp-json\/wp\/v2\/media?parent=4017"}],"curies":[{"name":"wp","href":"https:\/\/api.w.org\/{rel}","templated":true}]}}