{"id":4014,"date":"2021-11-10T11:56:00","date_gmt":"2021-11-10T14:56:00","guid":{"rendered":"https:\/\/ispmantovani-cha.infd.edu.ar\/sitio\/?page_id=4014"},"modified":"2024-05-03T18:43:27","modified_gmt":"2024-05-03T21:43:27","slug":"datos-generales-8","status":"publish","type":"page","link":"https:\/\/ispmantovani-cha.infd.edu.ar\/sitio\/datos-generales-8\/","title":{"rendered":"Datos Generales"},"content":{"rendered":"\n<h5 class=\"wp-block-heading\"><a href=\"https:\/\/ispmantovani-cha.infd.edu.ar\/sitio\/prof-sup-en-teatro\/\"><img decoding=\"async\" loading=\"lazy\" width=\"355\" height=\"247\" class=\"wp-image-6457\" style=\"width: 50px;\" src=\"https:\/\/ispmantovani-cha.infd.edu.ar\/sitio\/wp-content\/uploads\/2024\/04\/flecha-volver.gif\" alt=\"\">Volver<\/a><\/h5>\n\n\n\n<p><strong>Denominaci\u00f3n de la Carrera<\/strong><br>Profesorado de Educaci\u00f3n Superior en Teatro<\/p>\n\n\n\n<p><strong>T\u00edtulo que otorga la Carrera<\/strong><br>Profesor\/a de Educaci\u00f3n Superior en Teatro<\/p>\n\n\n\n<p><strong>Duraci\u00f3n de la Carrera:<\/strong><br>5 A\u00d1OS<\/p>\n\n\n\n<p><strong>La carrera se dicta<\/strong> en Pcia. Roque S\u00e1enz Pe\u00f1a (Instituto SEDE)<\/p>\n\n\n\n<p><strong>Incumbencias del T\u00edtulo<\/strong><\/p>\n\n\n\n<p>Se aspira a la formaci\u00f3n de un\/a profesor\/a de teatro con capacidad para:<\/p>\n\n\n\n<p>\u00b7 Acreditar conocimientos pr\u00e1cticos y t\u00e9cnicos completos en las disciplinas espec\u00edficamente necesarias para la ense\u00f1anza del teatro.<\/p>\n\n\n\n<p>\u00b7 Garantizar contenidos espec\u00edficos del lenguaje en los diferentes niveles del sistema educativo, conociendo las implicancias individuales y sociales de dicha pr\u00e1ctica, las condiciones y procesos de su ense\u00f1anza y las posibilidades de interacci\u00f3n con otras \u00e1reas curriculares.<\/p>\n\n\n\n<p>\u00b7 Participar activa, responsable y democr\u00e1ticamente en la vida institucional y comunitaria.<\/p>\n\n\n\n<p>\u00b7 Concebirse como sujeto en constante proceso de construcci\u00f3n din\u00e1mica, con flexibilidad para aceptar y generar cambios<\/p>\n\n\n\n<p>\u00b7 Motivar la actitud cr\u00edtica y reflexiva, el respeto y solidaridad por las producciones propias y ajenas.<\/p>\n\n\n\n<p>\u00b7 Fortalecer el desarrollo de investigaciones pedag\u00f3gicas, la sistematizaci\u00f3n y publicaci\u00f3n de experiencias innovadoras.<\/p>\n\n\n\n<p><strong>\u00c1mbito Laboral<\/strong><\/p>\n\n\n\n<p>Los egresados estar\u00e1n habilitados para el ejercicio de la docencia para la educaci\u00f3n secundaria.<\/p>\n\n\n\n<p>Adem\u00e1s, el reconocimiento acad\u00e9mico del t\u00edtulo de grado para continuar estudios de pos titulaciones.<\/p>\n\n\n\n<p><strong>Sede: <\/strong>Presidencia Roque S\u00e1enz Pe\u00f1a<\/p>\n\n\n\n<h5 class=\"wp-block-heading\"><a href=\"https:\/\/ispmantovani-cha.infd.edu.ar\/sitio\/prof-sup-en-teatro\/\"><img decoding=\"async\" loading=\"lazy\" width=\"355\" height=\"247\" class=\"wp-image-6457\" style=\"width: 50px;\" src=\"https:\/\/ispmantovani-cha.infd.edu.ar\/sitio\/wp-content\/uploads\/2024\/04\/flecha-volver.gif\" alt=\"\">Volver<\/a><\/h5>\n\n\n\n<p class=\"has-text-align-center\"><\/p>\n","protected":false},"excerpt":{"rendered":"<p>Volver Denominaci\u00f3n de la CarreraProfesorado de Educaci\u00f3n Superior en Teatro T\u00edtulo que otorga la CarreraProfesor\/a de Educaci\u00f3n Superior en Teatro Duraci\u00f3n de la Carrera:5 A\u00d1OS La carrera se dicta en Pcia. Roque S\u00e1enz Pe\u00f1a (Instituto SEDE) Incumbencias del T\u00edtulo Se aspira a la formaci\u00f3n de un\/a profesor\/a de teatro con capacidad para: \u00b7 Acreditar conocimientos &#8230; <a title=\"Datos Generales\" class=\"read-more\" href=\"https:\/\/ispmantovani-cha.infd.edu.ar\/sitio\/datos-generales-8\/\" aria-label=\"More on Datos Generales\">[+]<\/a><\/p>\n","protected":false},"author":379,"featured_media":0,"parent":0,"menu_order":0,"comment_status":"closed","ping_status":"closed","template":"","meta":[],"acf":[],"_links":{"self":[{"href":"https:\/\/ispmantovani-cha.infd.edu.ar\/sitio\/wp-json\/wp\/v2\/pages\/4014"}],"collection":[{"href":"https:\/\/ispmantovani-cha.infd.edu.ar\/sitio\/wp-json\/wp\/v2\/pages"}],"about":[{"href":"https:\/\/ispmantovani-cha.infd.edu.ar\/sitio\/wp-json\/wp\/v2\/types\/page"}],"author":[{"embeddable":true,"href":"https:\/\/ispmantovani-cha.infd.edu.ar\/sitio\/wp-json\/wp\/v2\/users\/379"}],"replies":[{"embeddable":true,"href":"https:\/\/ispmantovani-cha.infd.edu.ar\/sitio\/wp-json\/wp\/v2\/comments?post=4014"}],"version-history":[{"count":4,"href":"https:\/\/ispmantovani-cha.infd.edu.ar\/sitio\/wp-json\/wp\/v2\/pages\/4014\/revisions"}],"predecessor-version":[{"id":6586,"href":"https:\/\/ispmantovani-cha.infd.edu.ar\/sitio\/wp-json\/wp\/v2\/pages\/4014\/revisions\/6586"}],"wp:attachment":[{"href":"https:\/\/ispmantovani-cha.infd.edu.ar\/sitio\/wp-json\/wp\/v2\/media?parent=4014"}],"curies":[{"name":"wp","href":"https:\/\/api.w.org\/{rel}","templated":true}]}}