{"id":3955,"date":"2021-11-09T09:55:15","date_gmt":"2021-11-09T12:55:15","guid":{"rendered":"https:\/\/ispmantovani-cha.infd.edu.ar\/sitio\/?page_id=3955"},"modified":"2024-04-23T11:33:58","modified_gmt":"2024-04-23T14:33:58","slug":"informacion-soft","status":"publish","type":"page","link":"https:\/\/ispmantovani-cha.infd.edu.ar\/sitio\/informacion-soft\/","title":{"rendered":"Datos Generales &#8211; Software"},"content":{"rendered":"\n<p><strong>La carrera se dicta en Pcia Roque S\u00e1enz Pe\u00f1a<\/strong><\/p>\n\n\n\n<p><strong>CARRERA:<\/strong> Tecnicatura Superior en Desarrollo de Software<\/p>\n\n\n\n<p><strong>T\u00cdTULO:<\/strong> T\u00e9cnico Superior en Desarrollo de Software<\/p>\n\n\n\n<p><strong>DURACI\u00d3N DE LA CARRERA:<\/strong> Tres (3) a\u00f1os<\/p>\n\n\n\n<p><strong>CONDICIONES DE INGRESO:<\/strong> Nivel Medio\/Educaci\u00f3n Polimodal\/ Educaci\u00f3n Secundaria completa.<\/p>\n\n\n\n<p><strong>\u00c1REA OCUPACIONAL:<\/strong><\/p>\n\n\n\n<p>El presente Plan de Estudios de la \u00abTecnicatura Superior en Desarrollo de Software\u00bb propone un trayecto formativo que permitir\u00e1 a los futuros t\u00e9cnicos, egresados de esta carrera:<\/p>\n\n\n\n<p>Desempe\u00f1arse en organizaciones de diversos tipos. Empresas que realizan desarrollo de software por encargo de organizaciones locales o extranjeras y sus propios productos de software para vender en el pa\u00eds o en el exterior.<\/p>\n\n\n\n<p>Integrar equipos de proyecto dedicados al desarrollo o mantenimiento de software.<\/p>\n\n\n\n<p>Desempe\u00f1arse en forma aut\u00f3noma, asumiendo la mayor parte de las tareas propias del proceso, sobre todo trabajando en forma independiente resolviendo problemas de peque\u00f1as organizaciones que requieren sistemas de baja complejidad y reducida dimensi\u00f3n. Brindando servicios de desarrollo de software a terceros.<\/p>\n","protected":false},"excerpt":{"rendered":"<p>La carrera se dicta en Pcia Roque S\u00e1enz Pe\u00f1a CARRERA: Tecnicatura Superior en Desarrollo de Software T\u00cdTULO: T\u00e9cnico Superior en Desarrollo de Software DURACI\u00d3N DE LA CARRERA: Tres (3) a\u00f1os CONDICIONES DE INGRESO: Nivel Medio\/Educaci\u00f3n Polimodal\/ Educaci\u00f3n Secundaria completa. \u00c1REA OCUPACIONAL: El presente Plan de Estudios de la \u00abTecnicatura Superior en Desarrollo de Software\u00bb propone &#8230; <a title=\"Datos Generales &#8211; Software\" class=\"read-more\" href=\"https:\/\/ispmantovani-cha.infd.edu.ar\/sitio\/informacion-soft\/\" aria-label=\"More on Datos Generales &#8211; Software\">[+]<\/a><\/p>\n","protected":false},"author":379,"featured_media":0,"parent":0,"menu_order":0,"comment_status":"closed","ping_status":"closed","template":"","meta":[],"acf":[],"_links":{"self":[{"href":"https:\/\/ispmantovani-cha.infd.edu.ar\/sitio\/wp-json\/wp\/v2\/pages\/3955"}],"collection":[{"href":"https:\/\/ispmantovani-cha.infd.edu.ar\/sitio\/wp-json\/wp\/v2\/pages"}],"about":[{"href":"https:\/\/ispmantovani-cha.infd.edu.ar\/sitio\/wp-json\/wp\/v2\/types\/page"}],"author":[{"embeddable":true,"href":"https:\/\/ispmantovani-cha.infd.edu.ar\/sitio\/wp-json\/wp\/v2\/users\/379"}],"replies":[{"embeddable":true,"href":"https:\/\/ispmantovani-cha.infd.edu.ar\/sitio\/wp-json\/wp\/v2\/comments?post=3955"}],"version-history":[{"count":6,"href":"https:\/\/ispmantovani-cha.infd.edu.ar\/sitio\/wp-json\/wp\/v2\/pages\/3955\/revisions"}],"predecessor-version":[{"id":6367,"href":"https:\/\/ispmantovani-cha.infd.edu.ar\/sitio\/wp-json\/wp\/v2\/pages\/3955\/revisions\/6367"}],"wp:attachment":[{"href":"https:\/\/ispmantovani-cha.infd.edu.ar\/sitio\/wp-json\/wp\/v2\/media?parent=3955"}],"curies":[{"name":"wp","href":"https:\/\/api.w.org\/{rel}","templated":true}]}}