{"id":3230,"date":"2020-12-02T20:09:23","date_gmt":"2020-12-02T23:09:23","guid":{"rendered":"https:\/\/ispmantovani-cha.infd.edu.ar\/sitio\/?page_id=3230"},"modified":"2021-05-28T12:13:29","modified_gmt":"2021-05-28T15:13:29","slug":"inscripciones-materias-cuatrimestrales","status":"publish","type":"page","link":"https:\/\/ispmantovani-cha.infd.edu.ar\/sitio\/inscripciones-materias-cuatrimestrales\/","title":{"rendered":"INSCRIPCIONES &#8211; CURSADAS &#8211; CUATRIMESTRALES"},"content":{"rendered":"<p>&nbsp;<\/p>\n<p><img decoding=\"async\" loading=\"lazy\" class=\"alignnone size-medium wp-image-3737\" src=\"https:\/\/ispmantovani-cha.infd.edu.ar\/sitio\/wp-content\/uploads\/2021\/05\/3-1000x250.png\" alt=\"\" width=\"1000\" height=\"250\" srcset=\"https:\/\/ispmantovani-cha.infd.edu.ar\/sitio\/wp-content\/uploads\/2021\/05\/3-1000x250.png 1000w, https:\/\/ispmantovani-cha.infd.edu.ar\/sitio\/wp-content\/uploads\/2021\/05\/3-768x192.png 768w, https:\/\/ispmantovani-cha.infd.edu.ar\/sitio\/wp-content\/uploads\/2021\/05\/3-1900x475.png 1900w, https:\/\/ispmantovani-cha.infd.edu.ar\/sitio\/wp-content\/uploads\/2021\/05\/3.png 1920w\" sizes=\"(max-width: 1000px) 100vw, 1000px\" \/><\/p>\n<h5 style=\"text-align: center;\"><span style=\"color: #ff6600;\"><em>COMPLETAR EL FORMULARIO DE INSCRIPCI\u00d3N SELECCIONANDO LA CARRERA DE SU INTER\u00c9S.<\/em><\/span><\/h5>\n<ul>\n<li><em>TECNICTURA SUPERIOR EN ADMINISTRACI\u00d3N MUNICIPAL<\/em><\/li>\n<li><em>PROFESORADO EN INGL\u00c9S<\/em><\/li>\n<li><em>PROFESORADO EN EDUCACI\u00d3N PRIMARIA<\/em><\/li>\n<li><em>PROFESORADO EN EDUCACI\u00d3N INICIAL<\/em><\/li>\n<li><em>PROFESORADO ESPECIAL<\/em><\/li>\n<\/ul>\n","protected":false},"excerpt":{"rendered":"<p>&nbsp; COMPLETAR EL FORMULARIO DE INSCRIPCI\u00d3N SELECCIONANDO LA CARRERA DE SU INTER\u00c9S. TECNICTURA SUPERIOR EN ADMINISTRACI\u00d3N MUNICIPAL PROFESORADO EN INGL\u00c9S PROFESORADO EN EDUCACI\u00d3N PRIMARIA PROFESORADO EN EDUCACI\u00d3N INICIAL PROFESORADO ESPECIAL<\/p>\n","protected":false},"author":379,"featured_media":0,"parent":0,"menu_order":0,"comment_status":"closed","ping_status":"closed","template":"","meta":[],"acf":[],"_links":{"self":[{"href":"https:\/\/ispmantovani-cha.infd.edu.ar\/sitio\/wp-json\/wp\/v2\/pages\/3230"}],"collection":[{"href":"https:\/\/ispmantovani-cha.infd.edu.ar\/sitio\/wp-json\/wp\/v2\/pages"}],"about":[{"href":"https:\/\/ispmantovani-cha.infd.edu.ar\/sitio\/wp-json\/wp\/v2\/types\/page"}],"author":[{"embeddable":true,"href":"https:\/\/ispmantovani-cha.infd.edu.ar\/sitio\/wp-json\/wp\/v2\/users\/379"}],"replies":[{"embeddable":true,"href":"https:\/\/ispmantovani-cha.infd.edu.ar\/sitio\/wp-json\/wp\/v2\/comments?post=3230"}],"version-history":[{"count":10,"href":"https:\/\/ispmantovani-cha.infd.edu.ar\/sitio\/wp-json\/wp\/v2\/pages\/3230\/revisions"}],"predecessor-version":[{"id":3738,"href":"https:\/\/ispmantovani-cha.infd.edu.ar\/sitio\/wp-json\/wp\/v2\/pages\/3230\/revisions\/3738"}],"wp:attachment":[{"href":"https:\/\/ispmantovani-cha.infd.edu.ar\/sitio\/wp-json\/wp\/v2\/media?parent=3230"}],"curies":[{"name":"wp","href":"https:\/\/api.w.org\/{rel}","templated":true}]}}