{"id":318,"date":"2016-10-31T14:20:44","date_gmt":"2016-10-31T17:20:44","guid":{"rendered":"https:\/\/ispmantovani-cha.infd.edu.ar\/sitio\/?page_id=318"},"modified":"2024-11-21T12:55:19","modified_gmt":"2024-11-21T15:55:19","slug":"contacto","status":"publish","type":"page","link":"https:\/\/ispmantovani-cha.infd.edu.ar\/sitio\/contacto\/","title":{"rendered":"CONTACTO"},"content":{"rendered":"<h2><img decoding=\"async\" loading=\"lazy\" class=\"wp-image-2835 aligncenter\" src=\"https:\/\/ispmantovani-cha.infd.edu.ar\/sitio\/wp-content\/uploads\/2020\/05\/correo.jpg\" alt=\"\" width=\"131\" height=\"131\" \/><\/h2>\n<h2 style=\"text-align: center;\">Comun\u00edcate con nosotros a los siguientes correos<\/h2>\n<h4><span style=\"color: #800080;\"><strong>EQUIPO DIRECTIVO<\/strong><\/span>.<\/h4>\n<ul>\n<li>\n<h4><strong>Rectorado (s\u00f3lo para cuestiones institucionales)<\/strong><\/h4>\n<\/li>\n<li>\n<h4><strong>Vicerrectorado<\/strong><\/h4>\n<\/li>\n<\/ul>\n<p><span style=\"color: #800080;\"><strong>SECTOR ADMINISTRATIVO Y T\u00c9CNICO- INFORM\u00c1TICO<\/strong><\/span>:<\/p>\n<ul>\n<li>\n<h4>Secretar\u00eda (s\u00f3lo para profesores): <a href=\"mailto:secretariamantovani@gmail.com\">secretariamantovani@gmail.com<\/a><\/h4>\n<\/li>\n<li>\n<h4>Inscripciones: <a href=\"mailto:inscripcionesiesmanto@gmail.com\">inscripcionesiesmanto@gmail.com<\/a><\/h4>\n<\/li>\n<li>\n<h4>Bedel\u00eda (consultas de alumnado en general): <a href=\"mailto:bedeliamantovani@gmail.com\">bedeliamantovani@gmail.com<\/a><\/h4>\n<\/li>\n<li>\n<h4>Soporte Inform\u00e1tico: <a href=\"mailto:soporteiesmanto@gmail.com\">soporteiesmanto@gmail.com<\/a><\/h4>\n<\/li>\n<li>\n<h4>Becas Progresar: <a href=\"mailto:becasprogresarmantovani@gmail.com\">becasprogresarmantovani@gmail.com<\/a><\/h4>\n<\/li>\n<\/ul>\n<h3><strong>BEDEL\u00cdA DE AGROPECUARIA: bedeliaagropecuariamanto@gmail.com<\/strong><\/h3>\n<h3><strong>BEDEL\u00cdA CS. EDUCACI\u00d3N: bedeliacsdelaeducmanto@gmail.com<\/strong><\/h3>\n<h3><strong>BEDEL\u00cdA TEATRO: bedeliateatromanto@gmail.com<\/strong><\/h3>\n<h4><strong><span style=\"color: #800080;\">EQUIPO PEDAG\u00d3GICO<\/span><\/strong>.<\/h4>\n<ul>\n<li>\n<h4><strong>Coordinaci\u00f3n Pedag\u00f3gica<\/strong>:\u00a0 coordinacionpedagogicamanto@gmail.com<\/h4>\n<\/li>\n<li>\n<h4><strong>Direcci\u00f3n de Estudios Ingl\u00e9s:\u00a0\u00a0<\/strong>direinglesmanto@gmail.com<\/h4>\n<\/li>\n<li>\n<h4><strong>Direcci\u00f3n de Estudios Prof. Primaria:\u00a0\u00a0<\/strong>direpepmanto@gmail.com<\/h4>\n<\/li>\n<li>\n<h4><strong>Direcci\u00f3n de Estudios Bibliotecolog\u00eda:\u00a0 <\/strong>direbibliomanto@gmail.com<\/h4>\n<\/li>\n<li>\n<h4><strong>Direcci\u00f3n de Estudios Prof. Inicial:\u00a0\u00a0<\/strong>direpeimanto@gmail.com<\/h4>\n<\/li>\n<li>\n<h4><strong>Referente Tecnicatura Inform\u00e1tica REDES:\u00a0\u00a0<\/strong>referenteinforedesmanto@gmail.com<\/h4>\n<\/li>\n<li>\n<h4><strong>Referente Tecnicatura Gesti\u00f3n Producci\u00f3n Agropecuaria:\u00a0<\/strong> referenteagromanto@gmail.com<\/h4>\n<\/li>\n<li>\n<h4><strong>Referente Educaci\u00f3n Especial:\u00a0 \u00a0<\/strong>referenteeduespecial@gmail.com<\/h4>\n<\/li>\n<li>\n<h4><strong>Referente Profesorado Teatro:\u00a0\u00a0<\/strong>referenteteatromanto@gmail.com<\/h4>\n<\/li>\n<\/ul>\n<h4><span style=\"color: #800080;\"><strong>UNIDADES DE EXTENSI\u00d3N DE SERVICIOS<\/strong><\/span><\/h4>\n<ul>\n<li>\n<h4><span style=\"color: #333333;\"><strong>Coordinaci\u00f3n Anexo Avia Terai<\/strong>:\u00a0 \u00a0coordinacionuesaviaterai@gmail.com\u00a0\u00a0<\/span><\/h4>\n<\/li>\n<li>\n<h4><strong>Coordinaci\u00f3n Anexo Concepci\u00f3n del Bermejo<\/strong>:\u00a0 \u00a0mantovanibermejo@gmail.com<\/h4>\n<\/li>\n<\/ul>\n","protected":false},"excerpt":{"rendered":"<p>Comun\u00edcate con nosotros a los siguientes correos EQUIPO DIRECTIVO. Rectorado (s\u00f3lo para cuestiones institucionales) Vicerrectorado SECTOR ADMINISTRATIVO Y T\u00c9CNICO- INFORM\u00c1TICO: Secretar\u00eda (s\u00f3lo para profesores): secretariamantovani@gmail.com Inscripciones: inscripcionesiesmanto@gmail.com Bedel\u00eda (consultas de alumnado en general): bedeliamantovani@gmail.com Soporte Inform\u00e1tico: soporteiesmanto@gmail.com Becas Progresar: becasprogresarmantovani@gmail.com BEDEL\u00cdA DE AGROPECUARIA: bedeliaagropecuariamanto@gmail.com BEDEL\u00cdA CS. EDUCACI\u00d3N: bedeliacsdelaeducmanto@gmail.com BEDEL\u00cdA TEATRO: bedeliateatromanto@gmail.com EQUIPO PEDAG\u00d3GICO. Coordinaci\u00f3n Pedag\u00f3gica:\u00a0 &#8230; <a title=\"CONTACTO\" class=\"read-more\" href=\"https:\/\/ispmantovani-cha.infd.edu.ar\/sitio\/contacto\/\" aria-label=\"More on CONTACTO\">[+]<\/a><\/p>\n","protected":false},"author":1,"featured_media":0,"parent":0,"menu_order":0,"comment_status":"closed","ping_status":"closed","template":"","meta":[],"acf":[],"_links":{"self":[{"href":"https:\/\/ispmantovani-cha.infd.edu.ar\/sitio\/wp-json\/wp\/v2\/pages\/318"}],"collection":[{"href":"https:\/\/ispmantovani-cha.infd.edu.ar\/sitio\/wp-json\/wp\/v2\/pages"}],"about":[{"href":"https:\/\/ispmantovani-cha.infd.edu.ar\/sitio\/wp-json\/wp\/v2\/types\/page"}],"author":[{"embeddable":true,"href":"https:\/\/ispmantovani-cha.infd.edu.ar\/sitio\/wp-json\/wp\/v2\/users\/1"}],"replies":[{"embeddable":true,"href":"https:\/\/ispmantovani-cha.infd.edu.ar\/sitio\/wp-json\/wp\/v2\/comments?post=318"}],"version-history":[{"count":21,"href":"https:\/\/ispmantovani-cha.infd.edu.ar\/sitio\/wp-json\/wp\/v2\/pages\/318\/revisions"}],"predecessor-version":[{"id":6857,"href":"https:\/\/ispmantovani-cha.infd.edu.ar\/sitio\/wp-json\/wp\/v2\/pages\/318\/revisions\/6857"}],"wp:attachment":[{"href":"https:\/\/ispmantovani-cha.infd.edu.ar\/sitio\/wp-json\/wp\/v2\/media?parent=318"}],"curies":[{"name":"wp","href":"https:\/\/api.w.org\/{rel}","templated":true}]}}