{"id":3174,"date":"2020-11-06T18:52:17","date_gmt":"2020-11-06T21:52:17","guid":{"rendered":"https:\/\/ispmantovani-cha.infd.edu.ar\/sitio\/?page_id=3174"},"modified":"2020-11-13T11:51:30","modified_gmt":"2020-11-13T14:51:30","slug":"perspectiva-de-genero","status":"publish","type":"page","link":"https:\/\/ispmantovani-cha.infd.edu.ar\/sitio\/perspectiva-de-genero\/","title":{"rendered":"PERSPECTIVA DE G\u00c9NERO"},"content":{"rendered":"<p><img decoding=\"async\" loading=\"lazy\" class=\"size-medium wp-image-3175 aligncenter\" src=\"https:\/\/ispmantovani-cha.infd.edu.ar\/sitio\/wp-content\/uploads\/2020\/11\/FLYERS-PERSPECTIVA-GEN-1000x1000.jpg\" alt=\"\" width=\"1000\" height=\"1000\" srcset=\"https:\/\/ispmantovani-cha.infd.edu.ar\/sitio\/wp-content\/uploads\/2020\/11\/FLYERS-PERSPECTIVA-GEN-1000x1000.jpg 1000w, https:\/\/ispmantovani-cha.infd.edu.ar\/sitio\/wp-content\/uploads\/2020\/11\/FLYERS-PERSPECTIVA-GEN-500x500.jpg 500w, https:\/\/ispmantovani-cha.infd.edu.ar\/sitio\/wp-content\/uploads\/2020\/11\/FLYERS-PERSPECTIVA-GEN-768x768.jpg 768w, https:\/\/ispmantovani-cha.infd.edu.ar\/sitio\/wp-content\/uploads\/2020\/11\/FLYERS-PERSPECTIVA-GEN.jpg 1080w\" sizes=\"(max-width: 1000px) 100vw, 1000px\" \/><\/p>\n<h4 style=\"text-align: center;\">INSCRIPCIONES<\/h4>\n<ul>\n<li>\n<h5><strong><a href=\"https:\/\/forms.gle\/HDwcwFxHPe1SzqmV6\" target=\"_blank\" rel=\"noopener\">Inscripci\u00f3n a cursos de capacitaci\u00f3n &#8211; Docentes en Servicio &#8211; 2020<\/a><\/strong><\/h5>\n<\/li>\n<li>\n<h5><strong><a href=\"https:\/\/forms.gle\/6W2hPD6ztgDqW9QS6\" target=\"_blank\" rel=\"noopener\">Inscripci\u00f3n a cursos de capacitaci\u00f3n &#8211; Docentes sin cargo &#8211; 2020<\/a><\/strong><\/h5>\n<\/li>\n<\/ul>\n<p><img decoding=\"async\" loading=\"lazy\" class=\"wp-image-2835 aligncenter\" src=\"https:\/\/ispmantovani-cha.infd.edu.ar\/sitio\/wp-content\/uploads\/2020\/05\/correo.jpg\" alt=\"\" width=\"90\" height=\"90\" \/><\/p>\n<p style=\"text-align: center;\"><strong>esimantovani@gmail.com<\/strong><\/p>\n","protected":false},"excerpt":{"rendered":"<p>INSCRIPCIONES Inscripci\u00f3n a cursos de capacitaci\u00f3n &#8211; Docentes en Servicio &#8211; 2020 Inscripci\u00f3n a cursos de capacitaci\u00f3n &#8211; Docentes sin cargo &#8211; 2020 esimantovani@gmail.com<\/p>\n","protected":false},"author":379,"featured_media":0,"parent":0,"menu_order":0,"comment_status":"closed","ping_status":"closed","template":"","meta":[],"acf":[],"_links":{"self":[{"href":"https:\/\/ispmantovani-cha.infd.edu.ar\/sitio\/wp-json\/wp\/v2\/pages\/3174"}],"collection":[{"href":"https:\/\/ispmantovani-cha.infd.edu.ar\/sitio\/wp-json\/wp\/v2\/pages"}],"about":[{"href":"https:\/\/ispmantovani-cha.infd.edu.ar\/sitio\/wp-json\/wp\/v2\/types\/page"}],"author":[{"embeddable":true,"href":"https:\/\/ispmantovani-cha.infd.edu.ar\/sitio\/wp-json\/wp\/v2\/users\/379"}],"replies":[{"embeddable":true,"href":"https:\/\/ispmantovani-cha.infd.edu.ar\/sitio\/wp-json\/wp\/v2\/comments?post=3174"}],"version-history":[{"count":3,"href":"https:\/\/ispmantovani-cha.infd.edu.ar\/sitio\/wp-json\/wp\/v2\/pages\/3174\/revisions"}],"predecessor-version":[{"id":3193,"href":"https:\/\/ispmantovani-cha.infd.edu.ar\/sitio\/wp-json\/wp\/v2\/pages\/3174\/revisions\/3193"}],"wp:attachment":[{"href":"https:\/\/ispmantovani-cha.infd.edu.ar\/sitio\/wp-json\/wp\/v2\/media?parent=3174"}],"curies":[{"name":"wp","href":"https:\/\/api.w.org\/{rel}","templated":true}]}}