{"id":3055,"date":"2020-09-24T23:57:29","date_gmt":"2020-09-25T02:57:29","guid":{"rendered":"https:\/\/ispmantovani-cha.infd.edu.ar\/sitio\/?page_id=3055"},"modified":"2020-10-14T22:28:58","modified_gmt":"2020-10-15T01:28:58","slug":"lecturayescritura","status":"publish","type":"page","link":"https:\/\/ispmantovani-cha.infd.edu.ar\/sitio\/lecturayescritura\/","title":{"rendered":"LECTURA Y ESCRITURA"},"content":{"rendered":"<p><img decoding=\"async\" loading=\"lazy\" class=\"size-medium wp-image-3056 aligncenter\" src=\"https:\/\/ispmantovani-cha.infd.edu.ar\/sitio\/wp-content\/uploads\/2020\/09\/lengua-1000x630.jpg\" alt=\"\" width=\"1000\" height=\"630\" srcset=\"https:\/\/ispmantovani-cha.infd.edu.ar\/sitio\/wp-content\/uploads\/2020\/09\/lengua-1000x630.jpg 1000w, https:\/\/ispmantovani-cha.infd.edu.ar\/sitio\/wp-content\/uploads\/2020\/09\/lengua-768x484.jpg 768w, https:\/\/ispmantovani-cha.infd.edu.ar\/sitio\/wp-content\/uploads\/2020\/09\/lengua.jpg 1134w\" sizes=\"(max-width: 1000px) 100vw, 1000px\" \/><\/p>\n<ul>\n<li>\n<h5>Inscripci\u00f3n a cursos de capacitaci\u00f3n &#8211; Docentes en Servicio &#8211; 2020 (Cupo lleno)<\/h5>\n<\/li>\n<li>\n<h5>Inscripci\u00f3n a cursos de capacitaci\u00f3n &#8211; Docentes sin cargo &#8211; 2020 (Cupo lleno)<\/h5>\n<\/li>\n<\/ul>\n<h3 style=\"text-align: center;\"><em><strong>SEGUNDA COHORTE\u00a0<\/strong><\/em><\/h3>\n<p><img decoding=\"async\" loading=\"lazy\" class=\" wp-image-2782 aligncenter\" src=\"https:\/\/ispmantovani-cha.infd.edu.ar\/sitio\/wp-content\/uploads\/2020\/05\/logo-atencion.png\" alt=\"\" width=\"45\" height=\"39\" \/><\/p>\n<p style=\"text-align: center;\"><em>INSCRIPCIONES\u00a0<\/em><\/p>\n<h4 style=\"text-align: center;\">Inscripci\u00f3n a cursos de capacitaci\u00f3n &#8211; Docentes sin cargo &#8211; 2020 &#8211; Cupo lleno<\/h4>\n<h4 style=\"text-align: center;\"><img decoding=\"async\" loading=\"lazy\" class=\"wp-image-2835 aligncenter\" src=\"https:\/\/ispmantovani-cha.infd.edu.ar\/sitio\/wp-content\/uploads\/2020\/05\/correo.jpg\" alt=\"\" width=\"229\" height=\"229\" \/>Correo Electr\u00f3nico<\/h4>\n<h4 style=\"text-align: center;\">capacitacionlengua2020@gmail.com<\/h4>\n","protected":false},"excerpt":{"rendered":"<p>Inscripci\u00f3n a cursos de capacitaci\u00f3n &#8211; Docentes en Servicio &#8211; 2020 (Cupo lleno) Inscripci\u00f3n a cursos de capacitaci\u00f3n &#8211; Docentes sin cargo &#8211; 2020 (Cupo lleno) SEGUNDA COHORTE\u00a0 INSCRIPCIONES\u00a0 Inscripci\u00f3n a cursos de capacitaci\u00f3n &#8211; Docentes sin cargo &#8211; 2020 &#8211; Cupo lleno Correo Electr\u00f3nico capacitacionlengua2020@gmail.com<\/p>\n","protected":false},"author":379,"featured_media":0,"parent":0,"menu_order":0,"comment_status":"closed","ping_status":"closed","template":"","meta":[],"acf":[],"_links":{"self":[{"href":"https:\/\/ispmantovani-cha.infd.edu.ar\/sitio\/wp-json\/wp\/v2\/pages\/3055"}],"collection":[{"href":"https:\/\/ispmantovani-cha.infd.edu.ar\/sitio\/wp-json\/wp\/v2\/pages"}],"about":[{"href":"https:\/\/ispmantovani-cha.infd.edu.ar\/sitio\/wp-json\/wp\/v2\/types\/page"}],"author":[{"embeddable":true,"href":"https:\/\/ispmantovani-cha.infd.edu.ar\/sitio\/wp-json\/wp\/v2\/users\/379"}],"replies":[{"embeddable":true,"href":"https:\/\/ispmantovani-cha.infd.edu.ar\/sitio\/wp-json\/wp\/v2\/comments?post=3055"}],"version-history":[{"count":14,"href":"https:\/\/ispmantovani-cha.infd.edu.ar\/sitio\/wp-json\/wp\/v2\/pages\/3055\/revisions"}],"predecessor-version":[{"id":3165,"href":"https:\/\/ispmantovani-cha.infd.edu.ar\/sitio\/wp-json\/wp\/v2\/pages\/3055\/revisions\/3165"}],"wp:attachment":[{"href":"https:\/\/ispmantovani-cha.infd.edu.ar\/sitio\/wp-json\/wp\/v2\/media?parent=3055"}],"curies":[{"name":"wp","href":"https:\/\/api.w.org\/{rel}","templated":true}]}}