{"id":1931,"date":"2019-04-30T09:40:00","date_gmt":"2019-04-30T12:40:00","guid":{"rendered":"https:\/\/ispmantovani-cha.infd.edu.ar\/sitio\/?page_id=1931"},"modified":"2019-06-12T07:57:09","modified_gmt":"2019-06-12T10:57:09","slug":"actualizacion-superior-en-gestion-educativa","status":"publish","type":"page","link":"https:\/\/ispmantovani-cha.infd.edu.ar\/sitio\/actualizacion-superior-en-gestion-educativa\/","title":{"rendered":"Actualizaci\u00f3n Superior en Gesti\u00f3n Educativa"},"content":{"rendered":"<p><b>Actualizaci\u00f3n Superior en Gesti\u00f3n Educativa<\/b><\/p>\n<p>El rol de los equipos directivos es clave para generar las condiciones para que la ense\u00f1anza y el aprendizaje tengan lugar, y a su vez lograr una escuela de calidad, inclusiva y que mejore constantemente.<br \/>\nEs en estos nuevos contextos, donde los equipos de gesti\u00f3n tienen un rol fundamental dado que son ellos los encargados de contribuir en la creaci\u00f3n y recreaci\u00f3n de las condiciones institucionales que faciliten y orienten la planificaci\u00f3n de la tarea educativa, su ejecuci\u00f3n y se evaluaci\u00f3n.<br \/>\nEl dise\u00f1o e implementaci\u00f3n de la Actualizaci\u00f3n Acad\u00e9mico para la Formaci\u00f3n en Gesti\u00f3n Educativa se enmarca en los Lineamientos Federales del Desarrollo Profesional en Gesti\u00f3n Educativa para equipos directivos y supervisores de los niveles de educaci\u00f3n obligatoria, Resoluci\u00f3n CFE N\u00b0 338\/18.<\/p>\n<p><strong>TITULO<\/strong>: Actualizaci\u00f3n Superior en Gesti\u00f3n Educativa.<\/p>\n<p><strong>OBJETIVO GENERAL<\/strong>:<br \/>\n\u2022 Brindar una formaci\u00f3n actualizada en conducci\u00f3n y gesti\u00f3n educativa a los supervisores, equipos directivos en ejercicio y aspirantes a dichos cargos.<\/p>\n<p><strong>DESTINATARIOS<\/strong>:<br \/>\n\u2022 Directivos y supervisores de los niveles (Inicial, Primario, Secundario) de Educaci\u00f3n Obligatoria de la Provincia del Chaco.<\/p>\n<p><strong>CARGA HORARIA TOTAL<\/strong>:<br \/>\n\u2022 200 horas reloj.<br \/>\n<strong>CANTIDAD DE ENCUENTROS PRESENCIALES<\/strong>:<br \/>\n\u2022 15 (quince) encuentros.<br \/>\n<strong>MODALIDAD DE DICTADO<\/strong>:<br \/>\n\u2022 Semipresencial<\/p>\n<p><em><strong>REQUISITOS DE ADMISI\u00d3N DE LOS ASPIRANTES<\/strong><\/em>:<\/p>\n<p>\u2022 Experiencia en el cargo 4 a\u00f1os de antig\u00fcedad cumplidos en<br \/>\nNivel Inicial, Primario, Secundario.<br \/>\n\u2022 Poseer t\u00edtulo docente.<\/p>\n<p>&nbsp;<\/p>\n<p><strong>Consultas:<\/strong>\u00a0 \u00a0 actualmanto@gmail.com<\/p>\n","protected":false},"excerpt":{"rendered":"<p>Actualizaci\u00f3n Superior en Gesti\u00f3n Educativa El rol de los equipos directivos es clave para generar las condiciones para que la ense\u00f1anza y el aprendizaje tengan lugar, y a su vez lograr una escuela de calidad, inclusiva y que mejore constantemente. Es en estos nuevos contextos, donde los equipos de gesti\u00f3n tienen un rol fundamental dado &#8230; <a title=\"Actualizaci\u00f3n Superior en Gesti\u00f3n Educativa\" class=\"read-more\" href=\"https:\/\/ispmantovani-cha.infd.edu.ar\/sitio\/actualizacion-superior-en-gestion-educativa\/\" aria-label=\"More on Actualizaci\u00f3n Superior en Gesti\u00f3n Educativa\">[+]<\/a><\/p>\n","protected":false},"author":352,"featured_media":0,"parent":0,"menu_order":0,"comment_status":"closed","ping_status":"closed","template":"","meta":[],"acf":[],"_links":{"self":[{"href":"https:\/\/ispmantovani-cha.infd.edu.ar\/sitio\/wp-json\/wp\/v2\/pages\/1931"}],"collection":[{"href":"https:\/\/ispmantovani-cha.infd.edu.ar\/sitio\/wp-json\/wp\/v2\/pages"}],"about":[{"href":"https:\/\/ispmantovani-cha.infd.edu.ar\/sitio\/wp-json\/wp\/v2\/types\/page"}],"author":[{"embeddable":true,"href":"https:\/\/ispmantovani-cha.infd.edu.ar\/sitio\/wp-json\/wp\/v2\/users\/352"}],"replies":[{"embeddable":true,"href":"https:\/\/ispmantovani-cha.infd.edu.ar\/sitio\/wp-json\/wp\/v2\/comments?post=1931"}],"version-history":[{"count":7,"href":"https:\/\/ispmantovani-cha.infd.edu.ar\/sitio\/wp-json\/wp\/v2\/pages\/1931\/revisions"}],"predecessor-version":[{"id":2076,"href":"https:\/\/ispmantovani-cha.infd.edu.ar\/sitio\/wp-json\/wp\/v2\/pages\/1931\/revisions\/2076"}],"wp:attachment":[{"href":"https:\/\/ispmantovani-cha.infd.edu.ar\/sitio\/wp-json\/wp\/v2\/media?parent=1931"}],"curies":[{"name":"wp","href":"https:\/\/api.w.org\/{rel}","templated":true}]}}