{"id":1058,"date":"2018-08-30T17:10:51","date_gmt":"2018-08-30T20:10:51","guid":{"rendered":"https:\/\/ispmantovani-cha.infd.edu.ar\/sitio\/datos-generales-6\/"},"modified":"2024-04-14T19:06:51","modified_gmt":"2024-04-14T22:06:51","slug":"datos-generales-6","status":"publish","type":"page","link":"https:\/\/ispmantovani-cha.infd.edu.ar\/sitio\/datos-generales-6\/","title":{"rendered":"Datos Generales &#8211; Redes"},"content":{"rendered":"<p><strong><span style=\"font-size: 12pt;\">Datos Generales<\/span><\/strong><\/p>\n<p><span style=\"font-size: 10pt;\"><span style=\"text-decoration: underline;\"><strong>Carrera<\/strong><\/span>: Tecnicatura Superior en Soporte de Infraestructura de Tecnolog\u00eda de la Informaci\u00f3n<\/span><\/p>\n<p><span style=\"font-size: 10pt;\"><span style=\"text-decoration: underline;\"><strong> T\u00edtulo<\/strong><\/span>: T\u00e9cnico Superior en Soporte de Infraestructura de Tecnolog\u00eda de la Informaci\u00f3n <\/span><\/p>\n<p><span style=\"font-size: 10pt;\"><span style=\"text-decoration: underline;\"><strong>Sector\/es de actividad socio productiva<\/strong><\/span>: Inform\u00e1tica <\/span><\/p>\n<p><span style=\"font-size: 10pt;\"><span style=\"text-decoration: underline;\"><strong>Denominaci\u00f3n del perfil profesional<\/strong><\/span>: Soporte de infraestructura de tecnolog\u00eda de la informaci\u00f3n <\/span><\/p>\n<p><span style=\"font-size: 10pt;\"><span style=\"text-decoration: underline;\"><strong>Familia profesional<\/strong><\/span>: Inform\u00e1tica <\/span><\/p>\n<p><span style=\"font-size: 10pt;\"><span style=\"text-decoration: underline;\"><strong>Nivel<\/strong><\/span>: Superior <\/span><\/p>\n<p><span style=\"font-size: 10pt;\"><span style=\"text-decoration: underline;\">Modalidad<\/span>: Educaci\u00f3n T\u00e9cnico Profesional <\/span><\/p>\n<p><span style=\"font-size: 10pt;\"><span style=\"text-decoration: underline;\"><strong>Duraci\u00f3n de la carrera<\/strong><\/span>: Tres (3) a\u00f1os <\/span><\/p>\n<p><span style=\"font-size: 10pt;\"><span style=\"text-decoration: underline;\"><strong>Condiciones de ingreso<\/strong><\/span>: Nivel Medio\/Educaci\u00f3n Polimodal\/ Educaci\u00f3n Secundaria completa.<\/span><\/p>\n<p><strong>\u00c1REA OCUPACIONAL: <\/strong>El presente Plan de Estudios de la \u00bb Tecnicatura Superior en Soporte de Infraestructura de Tecnolog\u00eda de la Informaci\u00f3n\u00bb propone un trayecto formativo que permitir\u00e1 a los futuros t\u00e9cnicos, egresados de esta carrera:<\/p>\n<p>Implementar, mantener, actualizar, analizar inconvenientes y resolver problemas derivados de la operaci\u00f3n de productos de tecnolog\u00eda de la informaci\u00f3n que cumplen funciones de sistema operativo, administraci\u00f3n de almacenamiento, comunicaciones y redes, seguridad, bases de datos, y otros subsistemas, para garantizar la m\u00e1xima disponibilidad del ambiente operativo de las aplicaciones inform\u00e1ticas de las organizaciones desarrollando las funciones descriptas en el perfil profesional y cumpliendo con los criterios de realizaci\u00f3n establecidos para las mismas, para lo cual coordinar\u00e1 o Implementar\u00e1 su trabajo con especialistas de la misma organizaci\u00f3n o externos.<\/p>\n<p style=\"text-align: center;\"><a href=\"https:\/\/ispmantovani-cha.infd.edu.ar\/sitio\/wp-content\/uploads\/sitio\/2-Disen_o_Curricular_-_Tecnicatura_Superior_en__Soporte__Inf_V2_2.pdf\" target=\"_blank\" rel=\"noopener\"><strong>&lt;&lt;&lt; VER PLAN DE ESTUDIO &gt;&gt;&gt;<\/strong><\/a><\/p>\n","protected":false},"excerpt":{"rendered":"<p>Datos Generales Carrera: Tecnicatura Superior en Soporte de Infraestructura de Tecnolog\u00eda de la Informaci\u00f3n T\u00edtulo: T\u00e9cnico Superior en Soporte de Infraestructura de Tecnolog\u00eda de la Informaci\u00f3n Sector\/es de actividad socio productiva: Inform\u00e1tica Denominaci\u00f3n del perfil profesional: Soporte de infraestructura de tecnolog\u00eda de la informaci\u00f3n Familia profesional: Inform\u00e1tica Nivel: Superior Modalidad: Educaci\u00f3n T\u00e9cnico Profesional Duraci\u00f3n de &#8230; <a title=\"Datos Generales &#8211; Redes\" class=\"read-more\" href=\"https:\/\/ispmantovani-cha.infd.edu.ar\/sitio\/datos-generales-6\/\" aria-label=\"More on Datos Generales &#8211; Redes\">[+]<\/a><\/p>\n","protected":false},"author":352,"featured_media":0,"parent":0,"menu_order":0,"comment_status":"closed","ping_status":"closed","template":"","meta":[],"acf":[],"_links":{"self":[{"href":"https:\/\/ispmantovani-cha.infd.edu.ar\/sitio\/wp-json\/wp\/v2\/pages\/1058"}],"collection":[{"href":"https:\/\/ispmantovani-cha.infd.edu.ar\/sitio\/wp-json\/wp\/v2\/pages"}],"about":[{"href":"https:\/\/ispmantovani-cha.infd.edu.ar\/sitio\/wp-json\/wp\/v2\/types\/page"}],"author":[{"embeddable":true,"href":"https:\/\/ispmantovani-cha.infd.edu.ar\/sitio\/wp-json\/wp\/v2\/users\/352"}],"replies":[{"embeddable":true,"href":"https:\/\/ispmantovani-cha.infd.edu.ar\/sitio\/wp-json\/wp\/v2\/comments?post=1058"}],"version-history":[{"count":5,"href":"https:\/\/ispmantovani-cha.infd.edu.ar\/sitio\/wp-json\/wp\/v2\/pages\/1058\/revisions"}],"predecessor-version":[{"id":6262,"href":"https:\/\/ispmantovani-cha.infd.edu.ar\/sitio\/wp-json\/wp\/v2\/pages\/1058\/revisions\/6262"}],"wp:attachment":[{"href":"https:\/\/ispmantovani-cha.infd.edu.ar\/sitio\/wp-json\/wp\/v2\/media?parent=1058"}],"curies":[{"name":"wp","href":"https:\/\/api.w.org\/{rel}","templated":true}]}}