{"id":1052,"date":"2018-08-30T17:10:47","date_gmt":"2018-08-30T20:10:47","guid":{"rendered":"https:\/\/ispmantovani-cha.infd.edu.ar\/sitio\/datos-generales-5\/"},"modified":"2024-04-14T20:14:25","modified_gmt":"2024-04-14T23:14:25","slug":"datos-generales-5","status":"publish","type":"page","link":"https:\/\/ispmantovani-cha.infd.edu.ar\/sitio\/datos-generales-5\/","title":{"rendered":"Datos Generales &#8211; Especial"},"content":{"rendered":"<p><strong>Esta carrera se dicta en la Instituci\u00f3n Sede: <\/strong>Presidencia Roque S\u00e1enz Pe\u00f1a<\/p>\n<p><strong>DENOMINACI\u00d3N DE LA CARRERA:<\/strong><\/p>\n<p>Profesorado De Educaci\u00f3n Especial Con Orientaci\u00f3n En Discapacidad Intelectual<\/p>\n<p><strong>T\u00cdTULO A OTORGAR<\/strong><\/p>\n<p>Profesor \/a De&nbsp; Educaci\u00f3n Especial con orientaci\u00f3n en Discapacidad Intelectual<\/p>\n<p><strong>DURACI\u00d3N DE LA CARRERA: <\/strong><\/p>\n<p>4 a\u00f1os<\/p>\n<p><strong>CONDICIONES DE ACCESO: <\/strong>Poseer t\u00edtulo de nivel medio para acceder a estudios conducentes a titulaciones docentes. Excepcionalmente, los mayores de 25 a\u00f1os que no re\u00fanan esa condici\u00f3n, podr\u00e1n ingresar seg\u00fan lo establecido por el Art N\u00b0 7 de la Ley de Educaci\u00f3n Superior N\u00b0 24521<\/p>\n<p>\u00c1mbito Laboral:<\/p>\n<p><strong>&nbsp;<\/strong><strong>INCUMBENCIAS DEL T\u00cdTULO<\/strong><\/p>\n<p>Se aspira a la formaci\u00f3n de un\/a profesor\/a de Educaci\u00f3n Especial para que:<\/p>\n<p>&#8211; Desempe\u00f1en eficaz y responsablemente la funci\u00f3n de mediador de aprendizajes de alumnos con discapacidad, de colaborador y facilitador en el proceso de superaci\u00f3n de las barreras de origen, a partir de una fundada y s\u00f3lida formaci\u00f3n docente.<\/p>\n<p>&#8211; Planifiquen, desarrollen y eval\u00faen procesos de ense\u00f1anza &#8211; aprendizaje de alumnos con discapacidad intelectual en campos de acci\u00f3n espec\u00edficos como: servicios especiales, institutos, escuelas o centros educativos comunes y de educaci\u00f3n especial, sean \u00e9stos formales y no formales, tanto p\u00fablicos como privados<\/p>\n<p>&#8211; Asesoren en relaci\u00f3n con los aspectos te\u00f3rico-metodol\u00f3gicos, relativos a los procesos de integraci\u00f3n de alumnos con discapacidad intelectual, tanto en el sistema educativo formal, nivel inicial, primario, secundario y superior- como en instancias no formales, ambas, de iniciativa oficial y\/o privada.<\/p>\n<p>&#8211; Integren equipos profesionales\/interdisciplinarios que aborden la problem\u00e1tica de la persona con discapacidad intelectual, para realizar asesoramiento de tipo pedag\u00f3gico sobre aspectos educativos y socio-laborales.<\/p>\n<p>&#8211; Participen en equipos, programas y proyectos de investigaci\u00f3n y acci\u00f3n interdisciplinaria de inter\u00e9s Provincial, Regional y Nacional, sobre tem\u00e1ticas relacionadas con el campo de la educaci\u00f3n, la inserci\u00f3n socio \u2013 laboral, la prevenci\u00f3n primaria, secundaria y terciaria y; en general, el desarrollo integral, de personas con discapacidad intelectual.<\/p>\n<p>&#8211; Capaces de posibilitar una trayectoria educativa integral con acceso a saberes tecnol\u00f3gicos, art\u00edsticos y culturales.<\/p>\n<p><strong>&nbsp;<\/strong><strong>\u00c1MBITO LABORAL<\/strong><\/p>\n<p>Los egresados estar\u00e1n habilitados para el ejercicio de la docencia en las Escuelas de Educaci\u00f3n Especial de gesti\u00f3n Estatal o privadas y como Docentes de apoyo a la inclusi\u00f3n en los diferentes niveles y modalidades.<\/p>\n<p>Adem\u00e1s, el reconocimiento acad\u00e9mico del t\u00edtulo de grado para continuar estudios de pos titulaciones.<\/p>\n\n\n<p class=\"has-text-align-center\"><strong><a href=\"https:\/\/ispmantovani-cha.infd.edu.ar\/sitio\/wp-content\/uploads\/2021\/07\/RES-07629-14-P.E.-e-Impl-cohorte-de-inicio-2015.pdf\" target=\"_blank\" rel=\"noreferrer noopener\">&lt;&lt;&lt; VER PLAN DE ESTUDIO &gt;&gt;&gt;<\/a><\/strong><\/p>\n","protected":false},"excerpt":{"rendered":"<p>Esta carrera se dicta en la Instituci\u00f3n Sede: Presidencia Roque S\u00e1enz Pe\u00f1a DENOMINACI\u00d3N DE LA CARRERA: Profesorado De Educaci\u00f3n Especial Con Orientaci\u00f3n En Discapacidad Intelectual T\u00cdTULO A OTORGAR Profesor \/a De&nbsp; Educaci\u00f3n Especial con orientaci\u00f3n en Discapacidad Intelectual DURACI\u00d3N DE LA CARRERA: 4 a\u00f1os CONDICIONES DE ACCESO: Poseer t\u00edtulo de nivel medio para acceder a &#8230; <a title=\"Datos Generales &#8211; Especial\" class=\"read-more\" href=\"https:\/\/ispmantovani-cha.infd.edu.ar\/sitio\/datos-generales-5\/\" aria-label=\"More on Datos Generales &#8211; Especial\">[+]<\/a><\/p>\n","protected":false},"author":352,"featured_media":0,"parent":0,"menu_order":0,"comment_status":"closed","ping_status":"closed","template":"","meta":[],"acf":[],"_links":{"self":[{"href":"https:\/\/ispmantovani-cha.infd.edu.ar\/sitio\/wp-json\/wp\/v2\/pages\/1052"}],"collection":[{"href":"https:\/\/ispmantovani-cha.infd.edu.ar\/sitio\/wp-json\/wp\/v2\/pages"}],"about":[{"href":"https:\/\/ispmantovani-cha.infd.edu.ar\/sitio\/wp-json\/wp\/v2\/types\/page"}],"author":[{"embeddable":true,"href":"https:\/\/ispmantovani-cha.infd.edu.ar\/sitio\/wp-json\/wp\/v2\/users\/352"}],"replies":[{"embeddable":true,"href":"https:\/\/ispmantovani-cha.infd.edu.ar\/sitio\/wp-json\/wp\/v2\/comments?post=1052"}],"version-history":[{"count":3,"href":"https:\/\/ispmantovani-cha.infd.edu.ar\/sitio\/wp-json\/wp\/v2\/pages\/1052\/revisions"}],"predecessor-version":[{"id":6280,"href":"https:\/\/ispmantovani-cha.infd.edu.ar\/sitio\/wp-json\/wp\/v2\/pages\/1052\/revisions\/6280"}],"wp:attachment":[{"href":"https:\/\/ispmantovani-cha.infd.edu.ar\/sitio\/wp-json\/wp\/v2\/media?parent=1052"}],"curies":[{"name":"wp","href":"https:\/\/api.w.org\/{rel}","templated":true}]}}