{"id":1027,"date":"2018-08-30T17:10:37","date_gmt":"2018-08-30T20:10:37","guid":{"rendered":"https:\/\/ispmantovani-cha.infd.edu.ar\/sitio\/datos-generales-4\/"},"modified":"2024-04-14T20:15:54","modified_gmt":"2024-04-14T23:15:54","slug":"datos-generales-4","status":"publish","type":"page","link":"https:\/\/ispmantovani-cha.infd.edu.ar\/sitio\/datos-generales-4\/","title":{"rendered":"Datos Generales &#8211; Agropecuaria"},"content":{"rendered":"<p><strong><u>Identificaci\u00f3n del T\u00edtulo<\/u><\/strong><strong>:<\/strong> T\u00e9cnico Superior en la Gesti\u00f3n de Producci\u00f3n Agropecuaria<\/p>\n<p><strong><u>Sector\/es de actividad socio productiva<\/u><\/strong><strong>: <\/strong>Agropecuario<br \/>\n<strong><u>Denominaci\u00f3n del perfil profesional<\/u>:<\/strong> Gesti\u00f3n Agropecuaria.<br \/>\n<strong><u>Familia profesional<\/u><\/strong>: Producci\u00f3n Agropecuaria<br \/>\n<strong><u>Denominaci\u00f3n del t\u00edtulo de referencia<\/u><\/strong>: T\u00e9cnico Superior en Gesti\u00f3n de la Producci\u00f3n Agropecuaria<br \/>\n<strong><u>Nivel y \u00e1mbito de la trayectoria formativa<\/u><\/strong>: Nivel Superior de la Modalidad de Educaci\u00f3n T\u00e9cnico Profesional<br \/>\n<strong><u>Duraci\u00f3n de la carrera<\/u><\/strong>: tres a\u00f1os, organizados en cursado anual.<\/p>\n<p><strong>La carrera se dicta<\/strong> en Pcia. Roque S\u00e1enz Pe\u00f1a (Instituto SEDE)<\/p>\n<p><strong><u>Incumbencias<\/u><\/strong><strong>:<\/strong><\/p>\n<p>El T\u00e9cnico Superior en Gesti\u00f3n de la Producci\u00f3n Agropecuaria est\u00e1 capacitado para aplicar y transferir conocimientos, habilidades, destrezas, valores y actitudes en situaciones reales de trabajo, conforme a criterios de profesionalidad propios de su \u00e1rea:<\/p>\n<p>-Gestionar y organizar la empresa agropecuaria considerando el contexto socioecon\u00f3mico y productivo en que est\u00e1 inserta con criterios de equidad, responsabilidad social y sustentabilidad.<\/p>\n<p>-Participar, promover y valorar procesos tendientes al desarrollo sustentable del territorio y de su sistema agroproductivo.<\/p>\n<p>-Planificar, organizar, ejecutar y supervisar los diferentes procesos de producci\u00f3n del sistema agroproductivo bajo un criterio de sustentabilidad.<\/p>\n<p>-Organizar, controlar y efectuar el uso y funcionamiento, el mantenimiento y la reparaci\u00f3n b\u00e1sica de las instalaciones, maquinarias, equipos e implementos de la empresa agropecuaria.<\/p>\n<p>-Gestionar la comercializaci\u00f3n de los productos y\/o servicios agropecuarios.<\/p>\n<p><strong><u>\u00c1mbito Laboral<\/u><\/strong><strong>:<\/strong><\/p>\n<p>El alumno egresar\u00e1 con el t\u00edtulo T\u00e9cnico Superior en Gesti\u00f3n de la Producci\u00f3n Agropecuaria lo que le permitir\u00e1 desempe\u00f1arse en el \u00e1mbito Regional, Provincial y Nacional.<\/p>\n<p>El desempe\u00f1o de los profesionales formados a trav\u00e9s de esta carrera, puede realizarse tanto en el sector p\u00fablico como en el sector privado, constituy\u00e9ndose en promotores de actividades econ\u00f3micas del sector. Su competencia profesional permite asegurarles un amplio campo de desempe\u00f1o a niveles de asesoramiento y ejecuci\u00f3n de actividades agropecuarias.<\/p>\n<p>El dominio de la producci\u00f3n agropecuaria en el espacio de la explotaci\u00f3n permite al t\u00e9cnico actuar en otros \u00e1mbitos: como empresas agroindustriales, agrocomerciales y de servicios para la producci\u00f3n y en agencias gubernamentales y no gubernamentales de desarrollo que ejecutan acciones con productores agropecuarios. En estas \u00faltimas, el t\u00e9cnico podr\u00e1 realizar actividades de asistencia a productores en aspectos t\u00e9cnicos y organizativos de la producci\u00f3n.<\/p>\n<p>Por su espec\u00edfica titulaci\u00f3n puede ejercer como profesional aut\u00f3nomo en la elaboraci\u00f3n y evaluaci\u00f3n de proyectos de desarrollo y planificaci\u00f3n de recursos del sector.<\/p>\n<p style=\"text-align: center;\"><a href=\"https:\/\/ispmantovani-cha.infd.edu.ar\/sitio\/plan-de-estudios-6\/\" target=\"_blank\" rel=\"noopener\"><strong>&lt;&lt;&lt; VER PLAN DE ESTUDIO &gt;&gt;&gt;<\/strong><\/a><\/p>\n","protected":false},"excerpt":{"rendered":"<p>Identificaci\u00f3n del T\u00edtulo: T\u00e9cnico Superior en la Gesti\u00f3n de Producci\u00f3n Agropecuaria Sector\/es de actividad socio productiva: Agropecuario Denominaci\u00f3n del perfil profesional: Gesti\u00f3n Agropecuaria. Familia profesional: Producci\u00f3n Agropecuaria Denominaci\u00f3n del t\u00edtulo de referencia: T\u00e9cnico Superior en Gesti\u00f3n de la Producci\u00f3n Agropecuaria Nivel y \u00e1mbito de la trayectoria formativa: Nivel Superior de la Modalidad de Educaci\u00f3n T\u00e9cnico &#8230; <a title=\"Datos Generales &#8211; Agropecuaria\" class=\"read-more\" href=\"https:\/\/ispmantovani-cha.infd.edu.ar\/sitio\/datos-generales-4\/\" aria-label=\"More on Datos Generales &#8211; Agropecuaria\">[+]<\/a><\/p>\n","protected":false},"author":352,"featured_media":0,"parent":0,"menu_order":0,"comment_status":"closed","ping_status":"closed","template":"","meta":[],"acf":[],"_links":{"self":[{"href":"https:\/\/ispmantovani-cha.infd.edu.ar\/sitio\/wp-json\/wp\/v2\/pages\/1027"}],"collection":[{"href":"https:\/\/ispmantovani-cha.infd.edu.ar\/sitio\/wp-json\/wp\/v2\/pages"}],"about":[{"href":"https:\/\/ispmantovani-cha.infd.edu.ar\/sitio\/wp-json\/wp\/v2\/types\/page"}],"author":[{"embeddable":true,"href":"https:\/\/ispmantovani-cha.infd.edu.ar\/sitio\/wp-json\/wp\/v2\/users\/352"}],"replies":[{"embeddable":true,"href":"https:\/\/ispmantovani-cha.infd.edu.ar\/sitio\/wp-json\/wp\/v2\/comments?post=1027"}],"version-history":[{"count":5,"href":"https:\/\/ispmantovani-cha.infd.edu.ar\/sitio\/wp-json\/wp\/v2\/pages\/1027\/revisions"}],"predecessor-version":[{"id":6281,"href":"https:\/\/ispmantovani-cha.infd.edu.ar\/sitio\/wp-json\/wp\/v2\/pages\/1027\/revisions\/6281"}],"wp:attachment":[{"href":"https:\/\/ispmantovani-cha.infd.edu.ar\/sitio\/wp-json\/wp\/v2\/media?parent=1027"}],"curies":[{"name":"wp","href":"https:\/\/api.w.org\/{rel}","templated":true}]}}