{"id":1020,"date":"2018-08-30T17:10:35","date_gmt":"2018-08-30T20:10:35","guid":{"rendered":"https:\/\/ispmantovani-cha.infd.edu.ar\/sitio\/datos-generales-3\/"},"modified":"2024-04-14T20:16:29","modified_gmt":"2024-04-14T23:16:29","slug":"datos-generales-3","status":"publish","type":"page","link":"https:\/\/ispmantovani-cha.infd.edu.ar\/sitio\/datos-generales-3\/","title":{"rendered":"Datos Generales &#8211; Artes"},"content":{"rendered":"<p><strong>DENOMINACI\u00d3N DE LA CARRERA<\/strong><\/p>\n<p>\u201cProfesorado de Educaci\u00f3n Superior en Artes Visuales con Orientaci\u00f3n en Grabado o Pintura o Escultura\u201d<\/p>\n<p><strong>TITULO A OTORGAR<\/strong><\/p>\n<p>Profesor\/a de Educaci\u00f3n Superior en Artes Visuales con Orientaci\u00f3n en Grabado o Pintura o Escultura<\/p>\n<p><strong>DURACI\u00d3N DE LA CARRERA EN A\u00d1OS ACAD\u00c9MICOS<\/strong><\/p>\n<p>5 A\u00f1os<\/p>\n<p><strong>CONDICIONES DE INGRESO:<\/strong> Para ingresar a la carrera de \u201cProfesorado de Educaci\u00f3n Superior en Artes Visuales con Orientaci\u00f3n en Pintura\u201d los aspirantes deber\u00e1n:<\/p>\n<ul>\n<li>Haber aprobado la escuela secundaria o el nivel equivalente a la misma<\/li>\n<li>Excepcionalmente los mayores de 25 a\u00f1os sin t\u00edtulo secundario, siempre que demuestren a trav\u00e9s de evaluaciones que tienen preparaci\u00f3n y\/o experiencia laboral acorde con los estudios que se proponen iniciar, as\u00ed como aptitudes y conocimientos suficientes para cursarlos satisfactoriamente.<\/li>\n<\/ul>\n\n\n<p class=\"has-text-align-center\"><strong><a href=\"https:\/\/ispmantovani-cha.infd.edu.ar\/sitio\/wp-content\/uploads\/2019\/10\/Artes_Visuales_Plan_Estudios.pdf\" target=\"_blank\" rel=\"noreferrer noopener\">&lt;&lt;&lt; VER PLAN DE ESTUDIO &gt;&gt;&gt;<\/a><\/strong><\/p>\n","protected":false},"excerpt":{"rendered":"<p>DENOMINACI\u00d3N DE LA CARRERA \u201cProfesorado de Educaci\u00f3n Superior en Artes Visuales con Orientaci\u00f3n en Grabado o Pintura o Escultura\u201d TITULO A OTORGAR Profesor\/a de Educaci\u00f3n Superior en Artes Visuales con Orientaci\u00f3n en Grabado o Pintura o Escultura DURACI\u00d3N DE LA CARRERA EN A\u00d1OS ACAD\u00c9MICOS 5 A\u00f1os CONDICIONES DE INGRESO: Para ingresar a la carrera de &#8230; <a title=\"Datos Generales &#8211; Artes\" class=\"read-more\" href=\"https:\/\/ispmantovani-cha.infd.edu.ar\/sitio\/datos-generales-3\/\" aria-label=\"More on Datos Generales &#8211; Artes\">[+]<\/a><\/p>\n","protected":false},"author":352,"featured_media":0,"parent":0,"menu_order":0,"comment_status":"closed","ping_status":"closed","template":"","meta":[],"acf":[],"_links":{"self":[{"href":"https:\/\/ispmantovani-cha.infd.edu.ar\/sitio\/wp-json\/wp\/v2\/pages\/1020"}],"collection":[{"href":"https:\/\/ispmantovani-cha.infd.edu.ar\/sitio\/wp-json\/wp\/v2\/pages"}],"about":[{"href":"https:\/\/ispmantovani-cha.infd.edu.ar\/sitio\/wp-json\/wp\/v2\/types\/page"}],"author":[{"embeddable":true,"href":"https:\/\/ispmantovani-cha.infd.edu.ar\/sitio\/wp-json\/wp\/v2\/users\/352"}],"replies":[{"embeddable":true,"href":"https:\/\/ispmantovani-cha.infd.edu.ar\/sitio\/wp-json\/wp\/v2\/comments?post=1020"}],"version-history":[{"count":5,"href":"https:\/\/ispmantovani-cha.infd.edu.ar\/sitio\/wp-json\/wp\/v2\/pages\/1020\/revisions"}],"predecessor-version":[{"id":6282,"href":"https:\/\/ispmantovani-cha.infd.edu.ar\/sitio\/wp-json\/wp\/v2\/pages\/1020\/revisions\/6282"}],"wp:attachment":[{"href":"https:\/\/ispmantovani-cha.infd.edu.ar\/sitio\/wp-json\/wp\/v2\/media?parent=1020"}],"curies":[{"name":"wp","href":"https:\/\/api.w.org\/{rel}","templated":true}]}}