{"id":1016,"date":"2018-08-30T17:10:33","date_gmt":"2018-08-30T20:10:33","guid":{"rendered":"https:\/\/ispmantovani-cha.infd.edu.ar\/sitio\/datos-generales\/"},"modified":"2024-04-14T20:18:56","modified_gmt":"2024-04-14T23:18:56","slug":"datos-generales","status":"publish","type":"page","link":"https:\/\/ispmantovani-cha.infd.edu.ar\/sitio\/datos-generales\/","title":{"rendered":"Datos Generales &#8211; Dise\u00f1o Gr\u00e1fico"},"content":{"rendered":"\n<p><strong><u>Denominaci\u00f3n de la Carrera<\/u><\/strong><strong>: <\/strong><strong>Tecnicatura Superior en Dise\u00f1o Gr\u00e1fico y Digital<\/strong><\/p>\n\n\n\n<p><strong><u>Identificaci\u00f3n del T\u00edtulo<\/u><\/strong><strong>:<\/strong>&nbsp;T\u00e9cnico\/a Superior en Dise\u00f1o Gr\u00e1fico y Digital<\/p>\n\n\n\n<p><strong><u>Sector\/es de actividad socio productiva<\/u><\/strong><strong>:&nbsp;<\/strong>Industria Gr\u00e1fica y Multimedial<\/p>\n\n\n\n<p><br><strong><u>Denominaci\u00f3n del perfil profesional<\/u><\/strong><strong>:<\/strong>&nbsp;T\u00e9cnico\/a Superior en Dise\u00f1o Gr\u00e1fico y Digital<\/p>\n\n\n\n<p><br><strong><u>Familia profesional<\/u><\/strong>: Industria Gr\u00e1fica y Multimedial<\/p>\n\n\n\n<p><br><strong><u>Denominaci\u00f3n del t\u00edtulo de referencia<\/u><\/strong>: T\u00e9cnico\/a Superior en Dise\u00f1o Gr\u00e1fico y Digital<\/p>\n\n\n\n<p><br><strong><u>Nivel y \u00e1mbito de la trayectoria formativa<\/u><\/strong>: Nivel Superior de la Modalidad de Educaci\u00f3n T\u00e9cnico Profesional<\/p>\n\n\n\n<p><br><strong><u>Duraci\u00f3n de la carrera<\/u><\/strong>: tres a\u00f1os, organizados en cursado anual.<\/p>\n\n\n\n<p><strong>La carrera se dicta<\/strong>&nbsp;en la <strong>UES &#8211; AVIA TERAI<\/strong><\/p>\n\n\n\n<p><strong><u>Incumbencias<\/u><\/strong><strong>:<\/strong><\/p>\n\n\n\n<p>El T\u00e9cnico Superior en Dise\u00f1o Gr\u00e1fico y Digital estar\u00e1 capacitado en conocimientos, habilidades, destrezas valores y actitudes en situaciones reales de trabajo, conforme a criterios de profesionalidad propio de su \u00e1rea y de su responsabilidad social al:<\/p>\n\n\n\n<ul>\n<li>Dise\u00f1ar piezas gr\u00e1ficas y digitales, considerando los procesos necesarios para producirlos.<\/li>\n\n\n\n<li>Crear piezas de comunicaci\u00f3n de manera creativa, innovadora y profesional respondiendo a las necesidades y demandas de la sociedad y el mercado.<\/li>\n\n\n\n<li>Organizar y realizar comunicaciones visuales que puedan ser reproducidas por medios gr\u00e1ficos y digitales.<\/li>\n\n\n\n<li>Dise\u00f1ar considerando las variables sociales, econ\u00f3micas, culturales, est\u00e9ticas, tecnol\u00f3gicas y de gesti\u00f3n que inciden en el campo del dise\u00f1o.<\/li>\n<\/ul>\n\n\n\n<p><strong><u>\u00c1mbito Laboral<\/u><\/strong><strong>:<\/strong><\/p>\n\n\n\n<p>El T\u00e9cnico\/a Superior en Dise\u00f1o Gr\u00e1fico y Digital tiene un amplio horizonte de inserci\u00f3n en el campo laboral. Puede desempe\u00f1arse en las siguientes \u00e1reas ocupacionales, ya sea en relaci\u00f3n de dependencia o generando el propio emprendimiento:<\/p>\n\n\n\n<ul>\n<li>Talleres gr\u00e1ficos: imprentas, empresas de carteler\u00eda y rotulaci\u00f3n, packaging, servicios de impresi\u00f3n digital.<\/li>\n\n\n\n<li>Empresas y emprendimientos del campo de la comunicaci\u00f3n visual: Estudios de dise\u00f1o gr\u00e1fico y digital, agencias de publicidad y marketing digital, editoriales, productoras audiovisuales multimediales.<\/li>\n\n\n\n<li>Empresas de comercializaci\u00f3n de insumos para la industria gr\u00e1fica y digital.<\/li>\n<\/ul>\n\n\n\n<p>Adem\u00e1s el T\u00e9cnico\/a Superior en Dise\u00f1o Gr\u00e1fico y Digital est\u00e1 preparado para generar y gestionar aut\u00f3nomamente o con otros profesionales, emprendimientos productivos o de servicios en las \u00e1reas vinculadas a su competencia. La formaci\u00f3n polivalente hace posible tanto la movilidad interna (distintos sectores) como externa (distintos tipos de empresas) del t\u00e9cnico en el mercado de trabajo y lo prepara para trabajar interdisciplinariamente y en equipo, adaptarse a nuevos roles profesionales. Los roles del t\u00e9cnico, en distintas etapas de su carrera, var\u00edan con el tama\u00f1o, contenido tecnol\u00f3gico y tipo de proceso y producto de la empresa en la que se desempe\u00f1e; asumiendo la importancia central en la gesti\u00f3n de autoemprendimientos.<\/p>\n\n\n\n<p class=\"has-text-align-center\"><strong><a href=\"https:\/\/ispmantovani-cha.infd.edu.ar\/sitio\/wp-content\/uploads\/2022\/05\/Plan-de-Estudios-Diseno-G.pdf\" target=\"_blank\" rel=\"noreferrer noopener\">&lt;&lt;&lt; VER PLAN DE ESTUDIO &gt;&gt;&gt;<\/a><\/strong><\/p>\n","protected":false},"excerpt":{"rendered":"<p>Denominaci\u00f3n de la Carrera: Tecnicatura Superior en Dise\u00f1o Gr\u00e1fico y Digital Identificaci\u00f3n del T\u00edtulo:&nbsp;T\u00e9cnico\/a Superior en Dise\u00f1o Gr\u00e1fico y Digital Sector\/es de actividad socio productiva:&nbsp;Industria Gr\u00e1fica y Multimedial Denominaci\u00f3n del perfil profesional:&nbsp;T\u00e9cnico\/a Superior en Dise\u00f1o Gr\u00e1fico y Digital Familia profesional: Industria Gr\u00e1fica y Multimedial Denominaci\u00f3n del t\u00edtulo de referencia: T\u00e9cnico\/a Superior en Dise\u00f1o Gr\u00e1fico y &#8230; <a title=\"Datos Generales &#8211; Dise\u00f1o Gr\u00e1fico\" class=\"read-more\" href=\"https:\/\/ispmantovani-cha.infd.edu.ar\/sitio\/datos-generales\/\" aria-label=\"More on Datos Generales &#8211; Dise\u00f1o Gr\u00e1fico\">[+]<\/a><\/p>\n","protected":false},"author":352,"featured_media":0,"parent":0,"menu_order":0,"comment_status":"closed","ping_status":"closed","template":"","meta":[],"acf":[],"_links":{"self":[{"href":"https:\/\/ispmantovani-cha.infd.edu.ar\/sitio\/wp-json\/wp\/v2\/pages\/1016"}],"collection":[{"href":"https:\/\/ispmantovani-cha.infd.edu.ar\/sitio\/wp-json\/wp\/v2\/pages"}],"about":[{"href":"https:\/\/ispmantovani-cha.infd.edu.ar\/sitio\/wp-json\/wp\/v2\/types\/page"}],"author":[{"embeddable":true,"href":"https:\/\/ispmantovani-cha.infd.edu.ar\/sitio\/wp-json\/wp\/v2\/users\/352"}],"replies":[{"embeddable":true,"href":"https:\/\/ispmantovani-cha.infd.edu.ar\/sitio\/wp-json\/wp\/v2\/comments?post=1016"}],"version-history":[{"count":5,"href":"https:\/\/ispmantovani-cha.infd.edu.ar\/sitio\/wp-json\/wp\/v2\/pages\/1016\/revisions"}],"predecessor-version":[{"id":6284,"href":"https:\/\/ispmantovani-cha.infd.edu.ar\/sitio\/wp-json\/wp\/v2\/pages\/1016\/revisions\/6284"}],"wp:attachment":[{"href":"https:\/\/ispmantovani-cha.infd.edu.ar\/sitio\/wp-json\/wp\/v2\/media?parent=1016"}],"curies":[{"name":"wp","href":"https:\/\/api.w.org\/{rel}","templated":true}]}}